{"id":6048,"date":"2018-10-09T10:29:14","date_gmt":"2018-10-09T08:29:14","guid":{"rendered":"https:\/\/www.quadria.eu\/mentions-legales.html"},"modified":"2023-01-01T21:41:10","modified_gmt":"2023-01-01T20:41:10","slug":"impressum","status":"publish","type":"page","link":"https:\/\/www.quadria.eu\/de\/impressum.html","title":{"rendered":"Impressum"},"content":{"rendered":"\n<p><\/p>\n\n\n\n<p>Die Website wurde in Zusammenarbeit mit SAS LA COMPAGNIE HYPERACTIVE erstellt und diese wird von ihrem Subunternehmer AWS gehostet:<\/p>\n\n\n\n<p><\/p>\n\n\n\n<p>Amazon Web Services&nbsp;EMEA<\/p>\n\n\n\n<p>SARL mit einem Kapital von \u20ac 25.000,00<\/p>\n\n\n\n<p>38 Avenue John F. Kennedy<\/p>\n\n\n\n<p>L-1855&nbsp;Luxembourg<\/p>\n\n\n\n<p>SIREN&nbsp;:&nbsp;831001334<\/p>\n\n\n\n<p>APE Code 6203Z<\/p>\n\n\n\n<p><\/p>\n\n\n\n<p><\/p>\n\n\n\n<p><\/p>\n\n\n\n<p><\/p>\n\n\n\n<p>*Gem\u00e4\u00df dem Gesetz vom 6. Januar 1978 \u00fcber Informatik, Dateien und Freiheitsrechte erstellt die Gemeinde eine vereinfachte Erkl\u00e4rung zur Einhaltung der CNIL-Norm 10 bez\u00fcglich einer computergest\u00fctzten Verarbeitung personenbezogener Daten, deren Hauptzweck die Erstellung einer Benutzerliste ist, die in der Gemeinde PESSAC von der Sammlung von Haushalts-Gr\u00fcnabfall profitieren. Ihre IP-Adresse sowie das Datum und die Uhrzeit der Weiterleitung werden automatisch mit Ihrer Antwort verkn\u00fcpft. Sie haben das Recht, die Sie betreffenden Informationen einzusehen und zu berichtigen.<\/p>\n","protected":false},"excerpt":{"rendered":"<p>Die Website wurde in Zusammenarbeit mit SAS LA COMPAGNIE HYPERACTIVE erstellt und&#8230;&nbsp;<a class=\"excerpt_more\" href=\"https:\/\/www.quadria.eu\/de\/impressum.html\">Lire la suite <span class=\"meta-nav\">&rarr;<\/span><\/a><\/p>\n","protected":false},"author":1,"featured_media":0,"parent":0,"menu_order":0,"comment_status":"closed","ping_status":"closed","template":"","meta":{"_acf_changed":false,"footnotes":""},"class_list":["post-6048","page","type-page","status-publish","hentry"],"acf":[],"yoast_head":"<!-- This site is optimized with the Yoast SEO plugin v27.2 - https:\/\/yoast.com\/product\/yoast-seo-wordpress\/ -->\n<title>Impressum - Quadria<\/title>\n<meta name=\"robots\" content=\"index, follow, max-snippet:-1, max-image-preview:large, max-video-preview:-1\" \/>\n<link rel=\"canonical\" href=\"https:\/\/www.quadria.eu\/de\/impressum.html\" \/>\n<meta property=\"og:locale\" content=\"de_DE\" \/>\n<meta property=\"og:type\" content=\"article\" \/>\n<meta property=\"og:title\" content=\"Impressum - Quadria\" \/>\n<meta property=\"og:description\" content=\"Die Website wurde in Zusammenarbeit mit SAS LA COMPAGNIE HYPERACTIVE erstellt und...&nbsp;Lire la suite &rarr;\" \/>\n<meta property=\"og:url\" content=\"https:\/\/www.quadria.eu\/de\/impressum.html\" \/>\n<meta property=\"og:site_name\" content=\"Quadria\" \/>\n<meta property=\"article:modified_time\" content=\"2023-01-01T20:41:10+00:00\" \/>\n<meta name=\"twitter:card\" content=\"summary_large_image\" \/>\n<meta name=\"twitter:label1\" content=\"Est. reading time\" \/>\n\t<meta name=\"twitter:data1\" content=\"1 minute\" \/>\n<script type=\"application\/ld+json\" class=\"yoast-schema-graph\">{\"@context\":\"https:\/\/schema.org\",\"@graph\":[{\"@type\":\"WebPage\",\"@id\":\"https:\/\/www.quadria.eu\/de\/impressum.html\",\"url\":\"https:\/\/www.quadria.eu\/de\/impressum.html\",\"name\":\"Impressum - Quadria\",\"isPartOf\":{\"@id\":\"https:\/\/www.quadria.eu\/#website\"},\"datePublished\":\"2018-10-09T08:29:14+00:00\",\"dateModified\":\"2023-01-01T20:41:10+00:00\",\"breadcrumb\":{\"@id\":\"https:\/\/www.quadria.eu\/de\/impressum.html#breadcrumb\"},\"inLanguage\":\"de-DE\",\"potentialAction\":[{\"@type\":\"ReadAction\",\"target\":[\"https:\/\/www.quadria.eu\/de\/impressum.html\"]}]},{\"@type\":\"BreadcrumbList\",\"@id\":\"https:\/\/www.quadria.eu\/de\/impressum.html#breadcrumb\",\"itemListElement\":[{\"@type\":\"ListItem\",\"position\":1,\"name\":\"Accueil\",\"item\":\"https:\/\/www.quadria.eu\/de\/\"},{\"@type\":\"ListItem\",\"position\":2,\"name\":\"Impressum\"}]},{\"@type\":\"WebSite\",\"@id\":\"https:\/\/www.quadria.eu\/#website\",\"url\":\"https:\/\/www.quadria.eu\/\",\"name\":\"Quadria\",\"description\":\"Eine Seite, die WordPress verwendet \",\"potentialAction\":[{\"@type\":\"SearchAction\",\"target\":{\"@type\":\"EntryPoint\",\"urlTemplate\":\"https:\/\/www.quadria.eu\/?s={search_term_string}\"},\"query-input\":{\"@type\":\"PropertyValueSpecification\",\"valueRequired\":true,\"valueName\":\"search_term_string\"}}],\"inLanguage\":\"de-DE\"}]}<\/script>\n<!-- \/ Yoast SEO plugin. -->","yoast_head_json":{"title":"Impressum - Quadria","robots":{"index":"index","follow":"follow","max-snippet":"max-snippet:-1","max-image-preview":"max-image-preview:large","max-video-preview":"max-video-preview:-1"},"canonical":"https:\/\/www.quadria.eu\/de\/impressum.html","og_locale":"de_DE","og_type":"article","og_title":"Impressum - Quadria","og_description":"Die Website wurde in Zusammenarbeit mit SAS LA COMPAGNIE HYPERACTIVE erstellt und...&nbsp;Lire la suite &rarr;","og_url":"https:\/\/www.quadria.eu\/de\/impressum.html","og_site_name":"Quadria","article_modified_time":"2023-01-01T20:41:10+00:00","twitter_card":"summary_large_image","twitter_misc":{"Est. reading time":"1 minute"},"schema":{"@context":"https:\/\/schema.org","@graph":[{"@type":"WebPage","@id":"https:\/\/www.quadria.eu\/de\/impressum.html","url":"https:\/\/www.quadria.eu\/de\/impressum.html","name":"Impressum - Quadria","isPartOf":{"@id":"https:\/\/www.quadria.eu\/#website"},"datePublished":"2018-10-09T08:29:14+00:00","dateModified":"2023-01-01T20:41:10+00:00","breadcrumb":{"@id":"https:\/\/www.quadria.eu\/de\/impressum.html#breadcrumb"},"inLanguage":"de-DE","potentialAction":[{"@type":"ReadAction","target":["https:\/\/www.quadria.eu\/de\/impressum.html"]}]},{"@type":"BreadcrumbList","@id":"https:\/\/www.quadria.eu\/de\/impressum.html#breadcrumb","itemListElement":[{"@type":"ListItem","position":1,"name":"Accueil","item":"https:\/\/www.quadria.eu\/de\/"},{"@type":"ListItem","position":2,"name":"Impressum"}]},{"@type":"WebSite","@id":"https:\/\/www.quadria.eu\/#website","url":"https:\/\/www.quadria.eu\/","name":"Quadria","description":"Eine Seite, die WordPress verwendet ","potentialAction":[{"@type":"SearchAction","target":{"@type":"EntryPoint","urlTemplate":"https:\/\/www.quadria.eu\/?s={search_term_string}"},"query-input":{"@type":"PropertyValueSpecification","valueRequired":true,"valueName":"search_term_string"}}],"inLanguage":"de-DE"}]}},"_links":{"self":[{"href":"https:\/\/www.quadria.eu\/de\/wp-json\/wp\/v2\/pages\/6048","targetHints":{"allow":["GET"]}}],"collection":[{"href":"https:\/\/www.quadria.eu\/de\/wp-json\/wp\/v2\/pages"}],"about":[{"href":"https:\/\/www.quadria.eu\/de\/wp-json\/wp\/v2\/types\/page"}],"author":[{"embeddable":true,"href":"https:\/\/www.quadria.eu\/de\/wp-json\/wp\/v2\/users\/1"}],"replies":[{"embeddable":true,"href":"https:\/\/www.quadria.eu\/de\/wp-json\/wp\/v2\/comments?post=6048"}],"version-history":[{"count":6,"href":"https:\/\/www.quadria.eu\/de\/wp-json\/wp\/v2\/pages\/6048\/revisions"}],"predecessor-version":[{"id":6313,"href":"https:\/\/www.quadria.eu\/de\/wp-json\/wp\/v2\/pages\/6048\/revisions\/6313"}],"wp:attachment":[{"href":"https:\/\/www.quadria.eu\/de\/wp-json\/wp\/v2\/media?parent=6048"}],"curies":[{"name":"wp","href":"https:\/\/api.w.org\/{rel}","templated":true}]}}