{"id":6121,"date":"2021-10-11T14:24:29","date_gmt":"2021-10-11T12:24:29","guid":{"rendered":"https:\/\/www.quadria.eu\/cookie-policy.html"},"modified":"2023-01-01T21:42:11","modified_gmt":"2023-01-01T20:42:11","slug":"cookie-richtlinie","status":"publish","type":"page","link":"https:\/\/www.quadria.eu\/de\/cookie-richtlinie.html","title":{"rendered":"Cookie richtlinie"},"content":{"rendered":"\n<p>Dieses Cookie wird von Addthis gesetzt, um sicherzustellen, dass Sie die aktualisierte Zahl sehen, wenn Sie eine Seite teilen und zu ihr zur\u00fcckkehren, bevor unser Cache f\u00fcr die Anzahl der Freigaben aktualisiert wird.<\/p>\n\n\n\n<p><\/p>\n\n\n\n<p>Dieses Cookie wird von Addthis gesetzt, um sicherzustellen, dass Sie die aktualisierte Zahl sehen, wenn Sie eine Seite teilen und zu ihr zur\u00fcckkehren, bevor unser Cache f\u00fcr die Anzahl der Freigaben aktualisiert wird.<\/p>\n\n\n\n<p><\/p>\n\n\n\n<p>Dieses Cookie wird von Google Analytics gesetzt. Dieses Cookie wird verwendet, um Besucher-, Sitzungs- und Kampagnendaten zu berechnen und die Nutzung der Website f\u00fcr den Website-Analysebericht zu verfolgen. Cookies speichern die Informationen anonym und weisen eine zuf\u00e4llig generierte Nummer zu, um unterschiedliche Besucher zu identifizieren.<\/p>\n\n\n\n<p><\/p>\n\n\n\n<p>Dieses Cookie wird von Google gesetzt und zur Unterscheidung von Nutzern verwendet.<\/p>\n\n\n\n<p><\/p>\n\n\n\n<p>Dieses Cookie wird von Google Analytics gesetzt. Dieses Cookie wird verwendet, um Informationen dar\u00fcber zu speichern, wie Besucher eine Website nutzen, und hilft bei der Erstellung eines Analyseberichts \u00fcber den Zustand der Website. Zu den gesammelten Daten geh\u00f6ren die Besucheranzahl, ihre Quelle und die Seiten, die sie anonym besuchen.<\/p>\n\n\n\n<p><\/p>\n\n\n\n<p>Dieses Cookie speichert Ihre Zustimmung zu Cookies auf dieser Website<\/p>\n\n\n\n<p><\/p>\n\n\n\n<p>Das Cookie wird durch die Zustimmung zu DSGVO-Cookies gesetzt, um die Zustimmung des Nutzers f\u00fcr Cookies der Kategorie \u201eWerbung\u201c zu speichern.<\/p>\n\n\n\n<p><\/p>\n\n\n\n<p>Dieses Cookie wird durch das Plugin zur Zustimmung zu DSGVO-Cookies gesetzt. Das Cookie wird verwendet, um die Zustimmung des Nutzers zu Cookies der Kategorie \u201eAnalytics\u201c zu speichern.<\/p>\n\n\n\n<p><\/p>\n\n\n\n<p>Das Cookie wird durch die Zustimmung zu Cookies DSGVO gesetzt, um die Zustimmung des Nutzers f\u00fcr Cookies der Kategorie \u201eFunktional\u201c zu speichern.<\/p>\n\n\n\n<p><\/p>\n\n\n\n<p>Dieses Cookie wird durch das Plugin zur Zustimmung zu DSGVO-Cookies gesetzt. Es wird verwendet, um die Zustimmung des Nutzers zu Cookies der Kategorie \u201eUnbedingt Erforderlich\u201c zu speichern.<\/p>\n\n\n\n<p><\/p>\n\n\n\n<p>Dieses Cookie wird durch das Plugin zur Zustimmung zu DSGVO-Cookies gesetzt. Dieses Cookie wird verwendet, um die Zustimmung des Nutzers zu Cookies der Kategorie \u201eSonstiges\u201c zu speichern.<\/p>\n\n\n\n<p><\/p>\n\n\n\n<p>Dieses Cookie wird durch das Plugin zur Zustimmung zu DSGVO-Cookies gesetzt. Dieses Cookie wird verwendet, um die Zustimmung des Nutzers zu Cookies der Kategorie \u201eLeistung\u201c zu speichern.<\/p>\n\n\n\n<p><\/p>\n\n\n\n<p>Wird von Google DoubleClick verwendet und speichert Informationen dar\u00fcber, wie der Nutzer die Website und jede andere Werbung vor dem Besuch der Website nutzt. Diese Informationen werden verwendet, um den Nutzern Anzeigen zu pr\u00e4sentieren, die f\u00fcr sie auf der Grundlage des Benutzerprofils relevant sind.<\/p>\n\n\n\n<p><\/p>\n\n\n\n<p>Dieses Cookie wird von Addthis abgelegt. Dies ist ein Geolokalisierungs-Cookie, mit dem wir nachvollziehen k\u00f6nnen, wo sich die Nutzer befinden, die Informationen teilen.<\/p>\n\n\n\n<p><\/p>\n\n\n\n<p>Dieses Cookie ist nativ f\u00fcr PHP-Anwendungen. Das Cookie wird verwendet, um die eindeutige Sitzungs-ID eines Benutzers zu speichern und zu identifizieren, um die Benutzersitzung auf der Website zu verwalten. Das Cookie ist ein Sitzungscookie und wird gel\u00f6scht, wenn alle Browserfenster geschlossen werden.<\/p>\n\n\n\n<p><\/p>\n\n\n\n<p>Dieses Cookie wird von doubleclick.net abgelegt. Der Zweck dieses Cookies ist es, festzustellen, ob der Browser des Nutzers Cookies akzeptiert.<\/p>\n\n\n\n<p><\/p>\n\n\n\n<p>Das Cookie wird von addthis.com abgelegt, um die Nutzung des Addthis.com-Dienstes zu ermitteln.<\/p>\n\n\n\n<p><\/p>\n\n\n\n<p>Dieses Cookie wird durch das Plugin DSGVO Cookie Consent gesetzt und wird verwendet, um zu speichern, ob der Nutzer der Verwendung von Cookies zugestimmt hat oder nicht. Es speichert keine personenbezogenen Daten.<\/p>\n\n\n\n<p><\/p>\n\n\n\n<p>Dieses Cookie wird von Youtube abgelegt. Es wird verwendet, um die Informationen von YouTube-Videos zu verfolgen, die auf einer Website integriert sind.<\/p>\n\n\n\n<p><\/p>\n\n\n\n<p>Keine Beschreibung<\/p>\n\n\n\n<p><\/p>\n\n\n\n<p>Dieses Cookie wird von Youtube abgelegt und wird verwendet, um die Aufrufe der integrierten Videos zu verfolgen.<\/p>\n\n\n\n<p><\/p>\n\n\n\n<p><\/p>\n","protected":false},"excerpt":{"rendered":"<p>Dieses Cookie wird von Addthis gesetzt, um sicherzustellen, dass Sie die aktualisierte&#8230;&nbsp;<a class=\"excerpt_more\" href=\"https:\/\/www.quadria.eu\/de\/cookie-richtlinie.html\">Lire la suite <span class=\"meta-nav\">&rarr;<\/span><\/a><\/p>\n","protected":false},"author":3,"featured_media":0,"parent":0,"menu_order":0,"comment_status":"closed","ping_status":"closed","template":"","meta":{"_acf_changed":false,"footnotes":""},"class_list":["post-6121","page","type-page","status-publish","hentry"],"acf":[],"yoast_head":"<!-- This site is optimized with the Yoast SEO plugin v27.2 - https:\/\/yoast.com\/product\/yoast-seo-wordpress\/ -->\n<title>Cookie richtlinie - Quadria<\/title>\n<meta name=\"robots\" content=\"index, follow, max-snippet:-1, max-image-preview:large, max-video-preview:-1\" \/>\n<link rel=\"canonical\" href=\"https:\/\/www.quadria.eu\/de\/cookie-richtlinie.html\" \/>\n<meta property=\"og:locale\" content=\"de_DE\" \/>\n<meta property=\"og:type\" content=\"article\" \/>\n<meta property=\"og:title\" content=\"Cookie richtlinie - Quadria\" \/>\n<meta property=\"og:description\" content=\"Dieses Cookie wird von Addthis gesetzt, um sicherzustellen, dass Sie die aktualisierte...&nbsp;Lire la suite &rarr;\" \/>\n<meta property=\"og:url\" content=\"https:\/\/www.quadria.eu\/de\/cookie-richtlinie.html\" \/>\n<meta property=\"og:site_name\" content=\"Quadria\" \/>\n<meta property=\"article:modified_time\" content=\"2023-01-01T20:42:11+00:00\" \/>\n<meta name=\"twitter:card\" content=\"summary_large_image\" \/>\n<meta name=\"twitter:label1\" content=\"Est. reading time\" \/>\n\t<meta name=\"twitter:data1\" content=\"3 minutes\" \/>\n<script type=\"application\/ld+json\" class=\"yoast-schema-graph\">{\"@context\":\"https:\/\/schema.org\",\"@graph\":[{\"@type\":\"WebPage\",\"@id\":\"https:\/\/www.quadria.eu\/de\/cookie-richtlinie.html\",\"url\":\"https:\/\/www.quadria.eu\/de\/cookie-richtlinie.html\",\"name\":\"Cookie richtlinie - Quadria\",\"isPartOf\":{\"@id\":\"https:\/\/www.quadria.eu\/#website\"},\"datePublished\":\"2021-10-11T12:24:29+00:00\",\"dateModified\":\"2023-01-01T20:42:11+00:00\",\"breadcrumb\":{\"@id\":\"https:\/\/www.quadria.eu\/de\/cookie-richtlinie.html#breadcrumb\"},\"inLanguage\":\"de-DE\",\"potentialAction\":[{\"@type\":\"ReadAction\",\"target\":[\"https:\/\/www.quadria.eu\/de\/cookie-richtlinie.html\"]}]},{\"@type\":\"BreadcrumbList\",\"@id\":\"https:\/\/www.quadria.eu\/de\/cookie-richtlinie.html#breadcrumb\",\"itemListElement\":[{\"@type\":\"ListItem\",\"position\":1,\"name\":\"Accueil\",\"item\":\"https:\/\/www.quadria.eu\/de\/\"},{\"@type\":\"ListItem\",\"position\":2,\"name\":\"Cookie richtlinie\"}]},{\"@type\":\"WebSite\",\"@id\":\"https:\/\/www.quadria.eu\/#website\",\"url\":\"https:\/\/www.quadria.eu\/\",\"name\":\"Quadria\",\"description\":\"Eine Seite, die WordPress verwendet \",\"potentialAction\":[{\"@type\":\"SearchAction\",\"target\":{\"@type\":\"EntryPoint\",\"urlTemplate\":\"https:\/\/www.quadria.eu\/?s={search_term_string}\"},\"query-input\":{\"@type\":\"PropertyValueSpecification\",\"valueRequired\":true,\"valueName\":\"search_term_string\"}}],\"inLanguage\":\"de-DE\"}]}<\/script>\n<!-- \/ Yoast SEO plugin. -->","yoast_head_json":{"title":"Cookie richtlinie - Quadria","robots":{"index":"index","follow":"follow","max-snippet":"max-snippet:-1","max-image-preview":"max-image-preview:large","max-video-preview":"max-video-preview:-1"},"canonical":"https:\/\/www.quadria.eu\/de\/cookie-richtlinie.html","og_locale":"de_DE","og_type":"article","og_title":"Cookie richtlinie - Quadria","og_description":"Dieses Cookie wird von Addthis gesetzt, um sicherzustellen, dass Sie die aktualisierte...&nbsp;Lire la suite &rarr;","og_url":"https:\/\/www.quadria.eu\/de\/cookie-richtlinie.html","og_site_name":"Quadria","article_modified_time":"2023-01-01T20:42:11+00:00","twitter_card":"summary_large_image","twitter_misc":{"Est. reading time":"3 minutes"},"schema":{"@context":"https:\/\/schema.org","@graph":[{"@type":"WebPage","@id":"https:\/\/www.quadria.eu\/de\/cookie-richtlinie.html","url":"https:\/\/www.quadria.eu\/de\/cookie-richtlinie.html","name":"Cookie richtlinie - Quadria","isPartOf":{"@id":"https:\/\/www.quadria.eu\/#website"},"datePublished":"2021-10-11T12:24:29+00:00","dateModified":"2023-01-01T20:42:11+00:00","breadcrumb":{"@id":"https:\/\/www.quadria.eu\/de\/cookie-richtlinie.html#breadcrumb"},"inLanguage":"de-DE","potentialAction":[{"@type":"ReadAction","target":["https:\/\/www.quadria.eu\/de\/cookie-richtlinie.html"]}]},{"@type":"BreadcrumbList","@id":"https:\/\/www.quadria.eu\/de\/cookie-richtlinie.html#breadcrumb","itemListElement":[{"@type":"ListItem","position":1,"name":"Accueil","item":"https:\/\/www.quadria.eu\/de\/"},{"@type":"ListItem","position":2,"name":"Cookie richtlinie"}]},{"@type":"WebSite","@id":"https:\/\/www.quadria.eu\/#website","url":"https:\/\/www.quadria.eu\/","name":"Quadria","description":"Eine Seite, die WordPress verwendet ","potentialAction":[{"@type":"SearchAction","target":{"@type":"EntryPoint","urlTemplate":"https:\/\/www.quadria.eu\/?s={search_term_string}"},"query-input":{"@type":"PropertyValueSpecification","valueRequired":true,"valueName":"search_term_string"}}],"inLanguage":"de-DE"}]}},"_links":{"self":[{"href":"https:\/\/www.quadria.eu\/de\/wp-json\/wp\/v2\/pages\/6121","targetHints":{"allow":["GET"]}}],"collection":[{"href":"https:\/\/www.quadria.eu\/de\/wp-json\/wp\/v2\/pages"}],"about":[{"href":"https:\/\/www.quadria.eu\/de\/wp-json\/wp\/v2\/types\/page"}],"author":[{"embeddable":true,"href":"https:\/\/www.quadria.eu\/de\/wp-json\/wp\/v2\/users\/3"}],"replies":[{"embeddable":true,"href":"https:\/\/www.quadria.eu\/de\/wp-json\/wp\/v2\/comments?post=6121"}],"version-history":[{"count":8,"href":"https:\/\/www.quadria.eu\/de\/wp-json\/wp\/v2\/pages\/6121\/revisions"}],"predecessor-version":[{"id":6780,"href":"https:\/\/www.quadria.eu\/de\/wp-json\/wp\/v2\/pages\/6121\/revisions\/6780"}],"wp:attachment":[{"href":"https:\/\/www.quadria.eu\/de\/wp-json\/wp\/v2\/media?parent=6121"}],"curies":[{"name":"wp","href":"https:\/\/api.w.org\/{rel}","templated":true}]}}