{"id":6123,"date":"2018-10-08T18:09:07","date_gmt":"2018-10-08T16:09:07","guid":{"rendered":"https:\/\/www.quadria.eu\/politique-de-confidentialite.html"},"modified":"2023-01-01T21:38:12","modified_gmt":"2023-01-01T20:38:12","slug":"datenschutzrichtlinie","status":"publish","type":"page","link":"https:\/\/www.quadria.eu\/de\/datenschutzrichtlinie.html","title":{"rendered":"Datenschutzrichtlinie"},"content":{"rendered":"<h2>Wer sind wir?<\/h2>\n<p>Die Adresse unserer Website ist: http:\/\/www.www.quadria.eu.<\/p>\n<h2>Verwendung der erhobenen personenbezogenen Daten<\/h2>\n<h3>Kommentaire<\/h3>\n<p>Wenn Sie einen Kommentar auf unserer Website hinterlassen, werden die im Kommentarformular eingetragenen Daten sowie Ihre IP-Adresse und das Endsystem-Teil Ihres Browsers erfasst, um unerw\u00fcnschte Kommentare zu erkennen.<\/p>\n<p>Eine aus Ihrer E-Mail-Adresse erstellte anonymisierte Zeichenfolge (auch Hash genannt) kann an den Gravatar-Dienst gesendet werden, um zu \u00fcberpr\u00fcfen, ob Sie ihn nutzen. Die Datenschutzbestimmungen des Gravatar-Dienstes finden Sie hier: https:\/\/automattic.com\/privacy\/. Nachdem Sie Ihren Kommentar freigeschaltet haben, wird Ihr Profilbild neben Ihrem Kommentar sichtbar.<\/p>\n<h3>Medien<\/h3>\n<p>Wenn Sie ein registrierter Nutzer oder eine registrierte Nutzerin sind und Bilder auf die Website hochladen, empfehlen wir Ihnen, keine Bilder hochzuladen, die EXIF-Daten von GPS-Koordinaten enthalten. Die Besucher Ihrer Website k\u00f6nnen Standortdaten aus diesen Bildern herunterladen und extrahieren.<\/p>\n<h3>Kontaktformulare<\/h3>\n<h3>Cookies<\/h3>\n<p>Wenn Sie einen Kommentar auf unserer Website abgeben, wird Ihnen vorgeschlagen, Ihren Namen, Ihre E-Mail-Adresse und Ihre Website in Cookies zu speichern. Dies dient lediglich Ihrem Benutzerkomfort, damit Sie diese Informationen nicht eingeben m\u00fcssen, wenn Sie sp\u00e4ter einen weiteren Kommentar abgeben. Diese Cookies laufen nach einem Jahr ab.<\/p>\n<p>Wenn Sie ein Konto haben und sich auf dieser Website anmelden, wird ein tempor\u00e4res Cookie erstellt, um festzustellen, ob Ihr Browser Cookies akzeptiert. Es enth\u00e4lt keine personenbezogenen Daten und wird automatisch gel\u00f6scht, wenn Sie Ihren Browser schlie\u00dfen.<\/p>\n<p>Wenn Sie sich anmelden, setzen wir eine Reihe von Cookies, um Ihre Anmeldeinformationen und Bildschirmeinstellungen zu speichern. Die Lebensdauer eines Anmelde-Cookies betr\u00e4gt zwei Tage, die eines Bildschirmoptions-Cookies ein Jahr. Wenn Sie \u201eAngemeldet bleiben\u201c ankreuzen, wird Ihr Anmelde-Cookie zwei Wochen lang gespeichert. Wenn Sie sich von Ihrem Konto abmelden, wird das Anmelde-Cookie gel\u00f6scht.<\/p>\n<p>Wenn Sie einen Beitrag bearbeiten oder ver\u00f6ffentlichen, wird ein zus\u00e4tzliches Cookie in Ihrem Browser gespeichert. Dieses Cookie enth\u00e4lt keine personenbezogenen Daten. Es gibt lediglich die ID des Beitrags an, den Sie gerade bearbeitet haben. Es l\u00e4uft nach einem Tag ab.<\/p>\n<p><strong>VON FREMDEN WEBSITES EINGEBETTETE INHALTE<\/strong><\/p>\n<p>Die Artikel auf dieser Website k\u00f6nnen eingebettete Inhalte enthalten (z. B. Videos, Bilder, Artikel usw.). Inhalte, die von fremde Websites eingebunden werden, verhalten sich so, als w\u00fcrde der Besucher diese fremde Website besuchen.<\/p>\n<p>Diese Websites k\u00f6nnten Daten \u00fcber Sie sammeln, Cookies verwenden, Tracking-Tools von Drittanbietern einbetten und Ihre Interaktionen mit diesen eingebetteten Inhalten verfolgen, wenn Sie ein angemeldetes Konto auf ihrer Website haben.<\/p>\n<h3><\/h3>\n<h3>Statistiken und messung der besucherzahlen<\/h3>\n<h2>Verwendung und Weitergabe Ihrer personenbezogenen Daten<\/h2>\n<h2>Speicherfristen Ihrer Daten<\/h2>\n<p>Wenn Sie einen Kommentar hinterlassen, werden der Kommentar und seine Metadaten auf unbestimmte Zeit gespeichert. Dadurch werden nachfolgende Kommentare automatisch erkannt und genehmigt, anstatt sie in der Moderationswarteschlange zu belassen.<\/p>\n<p>F\u00fcr Nutzerinnen und Nutzer, die sich auf unserer Seite registrieren (sofern dies m\u00f6glich ist), speichern wir auch die in ihrem Profil angegebenen personenbezogenen Daten. Alle Nutzerinnen und Nutzer k\u00f6nnen ihre personenbezogenen Daten (mit Ausnahme ihres Benutzernamens) jederzeit einsehen, \u00e4ndern oder l\u00f6schen. Auch die Verwalter der Website k\u00f6nnen diese Informationen einsehen und \u00e4ndern.<\/p>\n<h2><\/h2>\n<h2>Ihre Rechte bez\u00fcglich Ihrer personenbezogenen Daten<\/h2>\n<p>Wenn Sie \u00fcber ein Konto verf\u00fcgen oder Kommentare auf der Website hinterlassen haben, k\u00f6nnen Sie eine Datei anfordern, die all Ihre personenbezogenen Daten bei uns enth\u00e4lt, einschlie\u00dflich der Daten, die Sie uns zur Verf\u00fcgung gestellt haben. Sie k\u00f6nnen auch die L\u00f6schung Ihrer personenbezogenen Daten verlangen. Dies gilt nicht f\u00fcr Daten, die f\u00fcr verwaltungstechnische, rechtliche oder f\u00fcr Sicherheitszwecke gespeichert werden.<\/p>\n<h2>Weitergabe Ihrer personenbezogenen Daten<\/h2>\n<p>Die Besucherkommentare k\u00f6nnen mithilfe eines automatisierten Dienstes zur Erkennung unerw\u00fcnschter Kommentare \u00fcberpr\u00fcft werden.<\/p>\n<h2>Kontaktinformationen<\/h2>\n<h3>Zus\u00e4tzliche Informationen<\/h3>\n<h3>WIE WIR IHRE DATEN SCH\u00dcTZEN<\/h3>\n<h3>IM FALLE EINES DATENLECKS IMPLEMENTIERTE VERFAHREN<\/h3>\n<h3>DRITTDIENSTE, DIE UNS DATEN \u00dcBERMITTELN<\/h3>\n<h3>AUTOMATISIERTES MARKETING UND\/ODER PROFILING DANK PERSONENBEZOGENER DATEN<\/h3>\n<h3>ANZEIGE VON INFORMATIONEN BEZ\u00dcGLICH SEKTOREN, DIE SPEZIFISCHEN REGULIERUNGEN UNTERLIEGEN<\/h3>\n","protected":false},"excerpt":{"rendered":"<p>Wer sind wir? Die Adresse unserer Website ist: http:\/\/www.www.quadria.eu. Verwendung der erhobenen&#8230;&nbsp;<a class=\"excerpt_more\" href=\"https:\/\/www.quadria.eu\/de\/datenschutzrichtlinie.html\">Lire la suite <span class=\"meta-nav\">&rarr;<\/span><\/a><\/p>\n","protected":false},"author":1,"featured_media":0,"parent":0,"menu_order":0,"comment_status":"closed","ping_status":"closed","template":"","meta":{"_acf_changed":false,"footnotes":""},"class_list":["post-6123","page","type-page","status-publish","hentry"],"acf":[],"yoast_head":"<!-- This site is optimized with the Yoast SEO plugin v27.2 - https:\/\/yoast.com\/product\/yoast-seo-wordpress\/ -->\n<title>Datenschutzrichtlinie - Quadria<\/title>\n<meta name=\"robots\" content=\"index, follow, max-snippet:-1, max-image-preview:large, max-video-preview:-1\" \/>\n<link rel=\"canonical\" href=\"https:\/\/www.quadria.eu\/de\/datenschutzrichtlinie.html\" \/>\n<meta property=\"og:locale\" content=\"de_DE\" \/>\n<meta property=\"og:type\" content=\"article\" \/>\n<meta property=\"og:title\" content=\"Datenschutzrichtlinie - Quadria\" \/>\n<meta property=\"og:description\" content=\"Wer sind wir? Die Adresse unserer Website ist: http:\/\/www.www.quadria.eu. Verwendung der erhobenen...&nbsp;Lire la suite &rarr;\" \/>\n<meta property=\"og:url\" content=\"https:\/\/www.quadria.eu\/de\/datenschutzrichtlinie.html\" \/>\n<meta property=\"og:site_name\" content=\"Quadria\" \/>\n<meta property=\"article:modified_time\" content=\"2023-01-01T20:38:12+00:00\" \/>\n<meta name=\"twitter:card\" content=\"summary_large_image\" \/>\n<meta name=\"twitter:label1\" content=\"Est. reading time\" \/>\n\t<meta name=\"twitter:data1\" content=\"4 minutes\" \/>\n<script type=\"application\/ld+json\" class=\"yoast-schema-graph\">{\"@context\":\"https:\/\/schema.org\",\"@graph\":[{\"@type\":\"WebPage\",\"@id\":\"https:\/\/www.quadria.eu\/de\/datenschutzrichtlinie.html\",\"url\":\"https:\/\/www.quadria.eu\/de\/datenschutzrichtlinie.html\",\"name\":\"Datenschutzrichtlinie - Quadria\",\"isPartOf\":{\"@id\":\"https:\/\/www.quadria.eu\/#website\"},\"datePublished\":\"2018-10-08T16:09:07+00:00\",\"dateModified\":\"2023-01-01T20:38:12+00:00\",\"breadcrumb\":{\"@id\":\"https:\/\/www.quadria.eu\/de\/datenschutzrichtlinie.html#breadcrumb\"},\"inLanguage\":\"de-DE\",\"potentialAction\":[{\"@type\":\"ReadAction\",\"target\":[\"https:\/\/www.quadria.eu\/de\/datenschutzrichtlinie.html\"]}]},{\"@type\":\"BreadcrumbList\",\"@id\":\"https:\/\/www.quadria.eu\/de\/datenschutzrichtlinie.html#breadcrumb\",\"itemListElement\":[{\"@type\":\"ListItem\",\"position\":1,\"name\":\"Accueil\",\"item\":\"https:\/\/www.quadria.eu\/de\/\"},{\"@type\":\"ListItem\",\"position\":2,\"name\":\"Datenschutzrichtlinie\"}]},{\"@type\":\"WebSite\",\"@id\":\"https:\/\/www.quadria.eu\/#website\",\"url\":\"https:\/\/www.quadria.eu\/\",\"name\":\"Quadria\",\"description\":\"Eine Seite, die WordPress verwendet \",\"potentialAction\":[{\"@type\":\"SearchAction\",\"target\":{\"@type\":\"EntryPoint\",\"urlTemplate\":\"https:\/\/www.quadria.eu\/?s={search_term_string}\"},\"query-input\":{\"@type\":\"PropertyValueSpecification\",\"valueRequired\":true,\"valueName\":\"search_term_string\"}}],\"inLanguage\":\"de-DE\"}]}<\/script>\n<!-- \/ Yoast SEO plugin. -->","yoast_head_json":{"title":"Datenschutzrichtlinie - Quadria","robots":{"index":"index","follow":"follow","max-snippet":"max-snippet:-1","max-image-preview":"max-image-preview:large","max-video-preview":"max-video-preview:-1"},"canonical":"https:\/\/www.quadria.eu\/de\/datenschutzrichtlinie.html","og_locale":"de_DE","og_type":"article","og_title":"Datenschutzrichtlinie - Quadria","og_description":"Wer sind wir? Die Adresse unserer Website ist: http:\/\/www.www.quadria.eu. Verwendung der erhobenen...&nbsp;Lire la suite &rarr;","og_url":"https:\/\/www.quadria.eu\/de\/datenschutzrichtlinie.html","og_site_name":"Quadria","article_modified_time":"2023-01-01T20:38:12+00:00","twitter_card":"summary_large_image","twitter_misc":{"Est. reading time":"4 minutes"},"schema":{"@context":"https:\/\/schema.org","@graph":[{"@type":"WebPage","@id":"https:\/\/www.quadria.eu\/de\/datenschutzrichtlinie.html","url":"https:\/\/www.quadria.eu\/de\/datenschutzrichtlinie.html","name":"Datenschutzrichtlinie - Quadria","isPartOf":{"@id":"https:\/\/www.quadria.eu\/#website"},"datePublished":"2018-10-08T16:09:07+00:00","dateModified":"2023-01-01T20:38:12+00:00","breadcrumb":{"@id":"https:\/\/www.quadria.eu\/de\/datenschutzrichtlinie.html#breadcrumb"},"inLanguage":"de-DE","potentialAction":[{"@type":"ReadAction","target":["https:\/\/www.quadria.eu\/de\/datenschutzrichtlinie.html"]}]},{"@type":"BreadcrumbList","@id":"https:\/\/www.quadria.eu\/de\/datenschutzrichtlinie.html#breadcrumb","itemListElement":[{"@type":"ListItem","position":1,"name":"Accueil","item":"https:\/\/www.quadria.eu\/de\/"},{"@type":"ListItem","position":2,"name":"Datenschutzrichtlinie"}]},{"@type":"WebSite","@id":"https:\/\/www.quadria.eu\/#website","url":"https:\/\/www.quadria.eu\/","name":"Quadria","description":"Eine Seite, die WordPress verwendet ","potentialAction":[{"@type":"SearchAction","target":{"@type":"EntryPoint","urlTemplate":"https:\/\/www.quadria.eu\/?s={search_term_string}"},"query-input":{"@type":"PropertyValueSpecification","valueRequired":true,"valueName":"search_term_string"}}],"inLanguage":"de-DE"}]}},"_links":{"self":[{"href":"https:\/\/www.quadria.eu\/de\/wp-json\/wp\/v2\/pages\/6123","targetHints":{"allow":["GET"]}}],"collection":[{"href":"https:\/\/www.quadria.eu\/de\/wp-json\/wp\/v2\/pages"}],"about":[{"href":"https:\/\/www.quadria.eu\/de\/wp-json\/wp\/v2\/types\/page"}],"author":[{"embeddable":true,"href":"https:\/\/www.quadria.eu\/de\/wp-json\/wp\/v2\/users\/1"}],"replies":[{"embeddable":true,"href":"https:\/\/www.quadria.eu\/de\/wp-json\/wp\/v2\/comments?post=6123"}],"version-history":[{"count":1,"href":"https:\/\/www.quadria.eu\/de\/wp-json\/wp\/v2\/pages\/6123\/revisions"}],"predecessor-version":[{"id":6315,"href":"https:\/\/www.quadria.eu\/de\/wp-json\/wp\/v2\/pages\/6123\/revisions\/6315"}],"wp:attachment":[{"href":"https:\/\/www.quadria.eu\/de\/wp-json\/wp\/v2\/media?parent=6123"}],"curies":[{"name":"wp","href":"https:\/\/api.w.org\/{rel}","templated":true}]}}