{"id":6137,"date":"2018-10-16T15:31:51","date_gmt":"2018-10-16T13:31:51","guid":{"rendered":"https:\/\/www.quadria.eu\/services\/redevance-incitative.html"},"modified":"2023-01-05T11:22:32","modified_gmt":"2023-01-05T10:22:32","slug":"gebuhren","status":"publish","type":"page","link":"https:\/\/www.quadria.eu\/de\/dienstleistungen\/gebuhren.html","title":{"rendered":"Geb\u00fchren"},"content":{"rendered":"","protected":false},"excerpt":{"rendered":"","protected":false},"author":1,"featured_media":0,"parent":6129,"menu_order":0,"comment_status":"closed","ping_status":"closed","template":"templates\/template-service.php","meta":{"_acf_changed":false,"footnotes":""},"class_list":["post-6137","page","type-page","status-publish","hentry"],"acf":[],"yoast_head":"<!-- This site is optimized with the Yoast SEO plugin v27.2 - https:\/\/yoast.com\/product\/yoast-seo-wordpress\/ -->\n<title>Geb\u00fchren - Quadria - Mise en place de la redevance incitative<\/title>\n<meta name=\"description\" content=\"QUADRIA accompagne les collectivit\u00e9s dans la mise en place de la redevance incitative : enqu\u00eate pr\u00e9alable aupr\u00e8s des citoyens, \u00e9quipement des bacs...\" \/>\n<meta name=\"robots\" content=\"index, follow, max-snippet:-1, max-image-preview:large, max-video-preview:-1\" \/>\n<link rel=\"canonical\" href=\"https:\/\/www.quadria.eu\/de\/dienstleistungen\/gebuhren.html\" \/>\n<meta property=\"og:locale\" content=\"de_DE\" \/>\n<meta property=\"og:type\" content=\"article\" \/>\n<meta property=\"og:title\" content=\"Geb\u00fchren - Quadria - Mise en place de la redevance incitative\" \/>\n<meta property=\"og:description\" content=\"QUADRIA accompagne les collectivit\u00e9s dans la mise en place de la redevance incitative : enqu\u00eate pr\u00e9alable aupr\u00e8s des citoyens, \u00e9quipement des bacs...\" \/>\n<meta property=\"og:url\" content=\"https:\/\/www.quadria.eu\/de\/dienstleistungen\/gebuhren.html\" \/>\n<meta property=\"og:site_name\" content=\"Quadria\" \/>\n<meta property=\"article:modified_time\" content=\"2023-01-05T10:22:32+00:00\" \/>\n<meta name=\"twitter:card\" content=\"summary_large_image\" \/>\n<script type=\"application\/ld+json\" class=\"yoast-schema-graph\">{\"@context\":\"https:\/\/schema.org\",\"@graph\":[{\"@type\":\"WebPage\",\"@id\":\"https:\/\/www.quadria.eu\/de\/dienstleistungen\/gebuhren.html\",\"url\":\"https:\/\/www.quadria.eu\/de\/dienstleistungen\/gebuhren.html\",\"name\":\"Geb\u00fchren - Quadria - Mise en place de la redevance incitative\",\"isPartOf\":{\"@id\":\"https:\/\/www.quadria.eu\/#website\"},\"datePublished\":\"2018-10-16T13:31:51+00:00\",\"dateModified\":\"2023-01-05T10:22:32+00:00\",\"description\":\"QUADRIA accompagne les collectivit\u00e9s dans la mise en place de la redevance incitative : enqu\u00eate pr\u00e9alable aupr\u00e8s des citoyens, \u00e9quipement des bacs...\",\"breadcrumb\":{\"@id\":\"https:\/\/www.quadria.eu\/de\/dienstleistungen\/gebuhren.html#breadcrumb\"},\"inLanguage\":\"de-DE\",\"potentialAction\":[{\"@type\":\"ReadAction\",\"target\":[\"https:\/\/www.quadria.eu\/de\/dienstleistungen\/gebuhren.html\"]}]},{\"@type\":\"BreadcrumbList\",\"@id\":\"https:\/\/www.quadria.eu\/de\/dienstleistungen\/gebuhren.html#breadcrumb\",\"itemListElement\":[{\"@type\":\"ListItem\",\"position\":1,\"name\":\"Accueil\",\"item\":\"https:\/\/www.quadria.eu\/de\/\"},{\"@type\":\"ListItem\",\"position\":2,\"name\":\"Dienstleistungen\",\"item\":\"https:\/\/www.quadria.eu\/de\/dienstleistungen.html\"},{\"@type\":\"ListItem\",\"position\":3,\"name\":\"Geb\u00fchren\"}]},{\"@type\":\"WebSite\",\"@id\":\"https:\/\/www.quadria.eu\/#website\",\"url\":\"https:\/\/www.quadria.eu\/\",\"name\":\"Quadria\",\"description\":\"Eine Seite, die WordPress verwendet \",\"potentialAction\":[{\"@type\":\"SearchAction\",\"target\":{\"@type\":\"EntryPoint\",\"urlTemplate\":\"https:\/\/www.quadria.eu\/?s={search_term_string}\"},\"query-input\":{\"@type\":\"PropertyValueSpecification\",\"valueRequired\":true,\"valueName\":\"search_term_string\"}}],\"inLanguage\":\"de-DE\"}]}<\/script>\n<!-- \/ Yoast SEO plugin. -->","yoast_head_json":{"title":"Geb\u00fchren - Quadria - Mise en place de la redevance incitative","description":"QUADRIA accompagne les collectivit\u00e9s dans la mise en place de la redevance incitative : enqu\u00eate pr\u00e9alable aupr\u00e8s des citoyens, \u00e9quipement des bacs...","robots":{"index":"index","follow":"follow","max-snippet":"max-snippet:-1","max-image-preview":"max-image-preview:large","max-video-preview":"max-video-preview:-1"},"canonical":"https:\/\/www.quadria.eu\/de\/dienstleistungen\/gebuhren.html","og_locale":"de_DE","og_type":"article","og_title":"Geb\u00fchren - Quadria - Mise en place de la redevance incitative","og_description":"QUADRIA accompagne les collectivit\u00e9s dans la mise en place de la redevance incitative : enqu\u00eate pr\u00e9alable aupr\u00e8s des citoyens, \u00e9quipement des bacs...","og_url":"https:\/\/www.quadria.eu\/de\/dienstleistungen\/gebuhren.html","og_site_name":"Quadria","article_modified_time":"2023-01-05T10:22:32+00:00","twitter_card":"summary_large_image","schema":{"@context":"https:\/\/schema.org","@graph":[{"@type":"WebPage","@id":"https:\/\/www.quadria.eu\/de\/dienstleistungen\/gebuhren.html","url":"https:\/\/www.quadria.eu\/de\/dienstleistungen\/gebuhren.html","name":"Geb\u00fchren - Quadria - Mise en place de la redevance incitative","isPartOf":{"@id":"https:\/\/www.quadria.eu\/#website"},"datePublished":"2018-10-16T13:31:51+00:00","dateModified":"2023-01-05T10:22:32+00:00","description":"QUADRIA accompagne les collectivit\u00e9s dans la mise en place de la redevance incitative : enqu\u00eate pr\u00e9alable aupr\u00e8s des citoyens, \u00e9quipement des bacs...","breadcrumb":{"@id":"https:\/\/www.quadria.eu\/de\/dienstleistungen\/gebuhren.html#breadcrumb"},"inLanguage":"de-DE","potentialAction":[{"@type":"ReadAction","target":["https:\/\/www.quadria.eu\/de\/dienstleistungen\/gebuhren.html"]}]},{"@type":"BreadcrumbList","@id":"https:\/\/www.quadria.eu\/de\/dienstleistungen\/gebuhren.html#breadcrumb","itemListElement":[{"@type":"ListItem","position":1,"name":"Accueil","item":"https:\/\/www.quadria.eu\/de\/"},{"@type":"ListItem","position":2,"name":"Dienstleistungen","item":"https:\/\/www.quadria.eu\/de\/dienstleistungen.html"},{"@type":"ListItem","position":3,"name":"Geb\u00fchren"}]},{"@type":"WebSite","@id":"https:\/\/www.quadria.eu\/#website","url":"https:\/\/www.quadria.eu\/","name":"Quadria","description":"Eine Seite, die WordPress verwendet ","potentialAction":[{"@type":"SearchAction","target":{"@type":"EntryPoint","urlTemplate":"https:\/\/www.quadria.eu\/?s={search_term_string}"},"query-input":{"@type":"PropertyValueSpecification","valueRequired":true,"valueName":"search_term_string"}}],"inLanguage":"de-DE"}]}},"_links":{"self":[{"href":"https:\/\/www.quadria.eu\/de\/wp-json\/wp\/v2\/pages\/6137","targetHints":{"allow":["GET"]}}],"collection":[{"href":"https:\/\/www.quadria.eu\/de\/wp-json\/wp\/v2\/pages"}],"about":[{"href":"https:\/\/www.quadria.eu\/de\/wp-json\/wp\/v2\/types\/page"}],"author":[{"embeddable":true,"href":"https:\/\/www.quadria.eu\/de\/wp-json\/wp\/v2\/users\/1"}],"replies":[{"embeddable":true,"href":"https:\/\/www.quadria.eu\/de\/wp-json\/wp\/v2\/comments?post=6137"}],"version-history":[{"count":5,"href":"https:\/\/www.quadria.eu\/de\/wp-json\/wp\/v2\/pages\/6137\/revisions"}],"predecessor-version":[{"id":6847,"href":"https:\/\/www.quadria.eu\/de\/wp-json\/wp\/v2\/pages\/6137\/revisions\/6847"}],"up":[{"embeddable":true,"href":"https:\/\/www.quadria.eu\/de\/wp-json\/wp\/v2\/pages\/6129"}],"wp:attachment":[{"href":"https:\/\/www.quadria.eu\/de\/wp-json\/wp\/v2\/media?parent=6137"}],"curies":[{"name":"wp","href":"https:\/\/api.w.org\/{rel}","templated":true}]}}