{"id":6141,"date":"2018-10-09T09:29:11","date_gmt":"2018-10-09T07:29:11","guid":{"rendered":"https:\/\/www.quadria.eu\/societe.html"},"modified":"2023-01-05T10:44:11","modified_gmt":"2023-01-05T09:44:11","slug":"unternehmen","status":"publish","type":"page","link":"https:\/\/www.quadria.eu\/de\/unternehmen.html","title":{"rendered":"Unternehmen"},"content":{"rendered":"","protected":false},"excerpt":{"rendered":"","protected":false},"author":1,"featured_media":0,"parent":0,"menu_order":0,"comment_status":"closed","ping_status":"closed","template":"templates\/template-societe.php","meta":{"_acf_changed":false,"footnotes":""},"class_list":["post-6141","page","type-page","status-publish","hentry"],"acf":[],"yoast_head":"<!-- This site is optimized with the Yoast SEO plugin v27.2 - https:\/\/yoast.com\/product\/yoast-seo-wordpress\/ -->\n<title>Unternehmen - Quadria - D\u00e9couvrez l&#039;histoire et l&#039;\u00e9quipe de la soci\u00e9t\u00e9 Quadria<\/title>\n<meta name=\"description\" content=\"La soci\u00e9t\u00e9 Quadria \u00e9volue dans le secteur de la pr\u00e9collecte des d\u00e9chets depuis plus de 20 ans. D\u00e9couvrez ici notre histoire et notre \u00e9quipe !\" \/>\n<meta name=\"robots\" content=\"index, follow, max-snippet:-1, max-image-preview:large, max-video-preview:-1\" \/>\n<link rel=\"canonical\" href=\"https:\/\/www.quadria.eu\/de\/unternehmen.html\" \/>\n<meta property=\"og:locale\" content=\"de_DE\" \/>\n<meta property=\"og:type\" content=\"article\" \/>\n<meta property=\"og:title\" content=\"Unternehmen - Quadria - D\u00e9couvrez l&#039;histoire et l&#039;\u00e9quipe de la soci\u00e9t\u00e9 Quadria\" \/>\n<meta property=\"og:description\" content=\"La soci\u00e9t\u00e9 Quadria \u00e9volue dans le secteur de la pr\u00e9collecte des d\u00e9chets depuis plus de 20 ans. D\u00e9couvrez ici notre histoire et notre \u00e9quipe !\" \/>\n<meta property=\"og:url\" content=\"https:\/\/www.quadria.eu\/de\/unternehmen.html\" \/>\n<meta property=\"og:site_name\" content=\"Quadria\" \/>\n<meta property=\"article:modified_time\" content=\"2023-01-05T09:44:11+00:00\" \/>\n<meta name=\"twitter:card\" content=\"summary_large_image\" \/>\n<script type=\"application\/ld+json\" class=\"yoast-schema-graph\">{\"@context\":\"https:\/\/schema.org\",\"@graph\":[{\"@type\":\"WebPage\",\"@id\":\"https:\/\/www.quadria.eu\/de\/unternehmen.html\",\"url\":\"https:\/\/www.quadria.eu\/de\/unternehmen.html\",\"name\":\"Unternehmen - Quadria - D\u00e9couvrez l'histoire et l'\u00e9quipe de la soci\u00e9t\u00e9 Quadria\",\"isPartOf\":{\"@id\":\"https:\/\/www.quadria.eu\/#website\"},\"datePublished\":\"2018-10-09T07:29:11+00:00\",\"dateModified\":\"2023-01-05T09:44:11+00:00\",\"description\":\"La soci\u00e9t\u00e9 Quadria \u00e9volue dans le secteur de la pr\u00e9collecte des d\u00e9chets depuis plus de 20 ans. D\u00e9couvrez ici notre histoire et notre \u00e9quipe !\",\"breadcrumb\":{\"@id\":\"https:\/\/www.quadria.eu\/de\/unternehmen.html#breadcrumb\"},\"inLanguage\":\"de-DE\",\"potentialAction\":[{\"@type\":\"ReadAction\",\"target\":[\"https:\/\/www.quadria.eu\/de\/unternehmen.html\"]}]},{\"@type\":\"BreadcrumbList\",\"@id\":\"https:\/\/www.quadria.eu\/de\/unternehmen.html#breadcrumb\",\"itemListElement\":[{\"@type\":\"ListItem\",\"position\":1,\"name\":\"Accueil\",\"item\":\"https:\/\/www.quadria.eu\/de\/\"},{\"@type\":\"ListItem\",\"position\":2,\"name\":\"Unternehmen\"}]},{\"@type\":\"WebSite\",\"@id\":\"https:\/\/www.quadria.eu\/#website\",\"url\":\"https:\/\/www.quadria.eu\/\",\"name\":\"Quadria\",\"description\":\"Eine Seite, die WordPress verwendet \",\"potentialAction\":[{\"@type\":\"SearchAction\",\"target\":{\"@type\":\"EntryPoint\",\"urlTemplate\":\"https:\/\/www.quadria.eu\/?s={search_term_string}\"},\"query-input\":{\"@type\":\"PropertyValueSpecification\",\"valueRequired\":true,\"valueName\":\"search_term_string\"}}],\"inLanguage\":\"de-DE\"}]}<\/script>\n<!-- \/ Yoast SEO plugin. -->","yoast_head_json":{"title":"Unternehmen - Quadria - D\u00e9couvrez l'histoire et l'\u00e9quipe de la soci\u00e9t\u00e9 Quadria","description":"La soci\u00e9t\u00e9 Quadria \u00e9volue dans le secteur de la pr\u00e9collecte des d\u00e9chets depuis plus de 20 ans. D\u00e9couvrez ici notre histoire et notre \u00e9quipe !","robots":{"index":"index","follow":"follow","max-snippet":"max-snippet:-1","max-image-preview":"max-image-preview:large","max-video-preview":"max-video-preview:-1"},"canonical":"https:\/\/www.quadria.eu\/de\/unternehmen.html","og_locale":"de_DE","og_type":"article","og_title":"Unternehmen - Quadria - D\u00e9couvrez l'histoire et l'\u00e9quipe de la soci\u00e9t\u00e9 Quadria","og_description":"La soci\u00e9t\u00e9 Quadria \u00e9volue dans le secteur de la pr\u00e9collecte des d\u00e9chets depuis plus de 20 ans. D\u00e9couvrez ici notre histoire et notre \u00e9quipe !","og_url":"https:\/\/www.quadria.eu\/de\/unternehmen.html","og_site_name":"Quadria","article_modified_time":"2023-01-05T09:44:11+00:00","twitter_card":"summary_large_image","schema":{"@context":"https:\/\/schema.org","@graph":[{"@type":"WebPage","@id":"https:\/\/www.quadria.eu\/de\/unternehmen.html","url":"https:\/\/www.quadria.eu\/de\/unternehmen.html","name":"Unternehmen - Quadria - D\u00e9couvrez l'histoire et l'\u00e9quipe de la soci\u00e9t\u00e9 Quadria","isPartOf":{"@id":"https:\/\/www.quadria.eu\/#website"},"datePublished":"2018-10-09T07:29:11+00:00","dateModified":"2023-01-05T09:44:11+00:00","description":"La soci\u00e9t\u00e9 Quadria \u00e9volue dans le secteur de la pr\u00e9collecte des d\u00e9chets depuis plus de 20 ans. D\u00e9couvrez ici notre histoire et notre \u00e9quipe !","breadcrumb":{"@id":"https:\/\/www.quadria.eu\/de\/unternehmen.html#breadcrumb"},"inLanguage":"de-DE","potentialAction":[{"@type":"ReadAction","target":["https:\/\/www.quadria.eu\/de\/unternehmen.html"]}]},{"@type":"BreadcrumbList","@id":"https:\/\/www.quadria.eu\/de\/unternehmen.html#breadcrumb","itemListElement":[{"@type":"ListItem","position":1,"name":"Accueil","item":"https:\/\/www.quadria.eu\/de\/"},{"@type":"ListItem","position":2,"name":"Unternehmen"}]},{"@type":"WebSite","@id":"https:\/\/www.quadria.eu\/#website","url":"https:\/\/www.quadria.eu\/","name":"Quadria","description":"Eine Seite, die WordPress verwendet ","potentialAction":[{"@type":"SearchAction","target":{"@type":"EntryPoint","urlTemplate":"https:\/\/www.quadria.eu\/?s={search_term_string}"},"query-input":{"@type":"PropertyValueSpecification","valueRequired":true,"valueName":"search_term_string"}}],"inLanguage":"de-DE"}]}},"_links":{"self":[{"href":"https:\/\/www.quadria.eu\/de\/wp-json\/wp\/v2\/pages\/6141","targetHints":{"allow":["GET"]}}],"collection":[{"href":"https:\/\/www.quadria.eu\/de\/wp-json\/wp\/v2\/pages"}],"about":[{"href":"https:\/\/www.quadria.eu\/de\/wp-json\/wp\/v2\/types\/page"}],"author":[{"embeddable":true,"href":"https:\/\/www.quadria.eu\/de\/wp-json\/wp\/v2\/users\/1"}],"replies":[{"embeddable":true,"href":"https:\/\/www.quadria.eu\/de\/wp-json\/wp\/v2\/comments?post=6141"}],"version-history":[{"count":7,"href":"https:\/\/www.quadria.eu\/de\/wp-json\/wp\/v2\/pages\/6141\/revisions"}],"predecessor-version":[{"id":6844,"href":"https:\/\/www.quadria.eu\/de\/wp-json\/wp\/v2\/pages\/6141\/revisions\/6844"}],"wp:attachment":[{"href":"https:\/\/www.quadria.eu\/de\/wp-json\/wp\/v2\/media?parent=6141"}],"curies":[{"name":"wp","href":"https:\/\/api.w.org\/{rel}","templated":true}]}}