{"id":6119,"date":"2018-10-18T10:23:45","date_gmt":"2018-10-18T08:23:45","guid":{"rendered":"https:\/\/www.quadria.eu\/pessac-dechets-verts.html"},"modified":"2026-04-02T08:26:29","modified_gmt":"2026-04-02T06:26:29","slug":"pessac-dechets-verts","status":"publish","type":"page","link":"https:\/\/www.quadria.eu\/en\/pessac-dechets-verts.html","title":{"rendered":"Demande d\u2019un deuxi\u00e8me bac \u00e0 d\u00e9chets verts \u2013 Pessac (33)"},"content":{"rendered":"","protected":false},"excerpt":{"rendered":"","protected":false},"author":1,"featured_media":0,"parent":0,"menu_order":0,"comment_status":"closed","ping_status":"closed","template":"templates\/template-formulaire.php","meta":{"_acf_changed":false,"footnotes":""},"class_list":["post-6119","page","type-page","status-publish","hentry"],"acf":[],"yoast_head":"<!-- This site is optimized with the Yoast SEO plugin v27.2 - https:\/\/yoast.com\/product\/yoast-seo-wordpress\/ -->\n<title>Demande d\u2019un deuxi\u00e8me bac \u00e0 d\u00e9chets verts \u2013 Pessac (33) - Quadria<\/title>\n<meta name=\"description\" content=\"Demande de deuxi\u00e8me bac \u00e0 d\u00e9chets verts pour les habitants de Pessac : effectuez votre demande en ligne via notre formulaire.\" \/>\n<meta name=\"robots\" content=\"index, follow, max-snippet:-1, max-image-preview:large, max-video-preview:-1\" \/>\n<link rel=\"canonical\" href=\"https:\/\/www.quadria.eu\/en\/pessac-dechets-verts.html\" \/>\n<meta property=\"og:locale\" content=\"en_US\" \/>\n<meta property=\"og:type\" content=\"article\" \/>\n<meta property=\"og:title\" content=\"Demande d\u2019un deuxi\u00e8me bac \u00e0 d\u00e9chets verts \u2013 Pessac (33) - Quadria\" \/>\n<meta property=\"og:description\" content=\"Demande de deuxi\u00e8me bac \u00e0 d\u00e9chets verts pour les habitants de Pessac : effectuez votre demande en ligne via notre formulaire.\" \/>\n<meta property=\"og:url\" content=\"https:\/\/www.quadria.eu\/en\/pessac-dechets-verts.html\" \/>\n<meta property=\"og:site_name\" content=\"Quadria\" \/>\n<meta property=\"article:modified_time\" content=\"2026-04-02T06:26:29+00:00\" \/>\n<meta name=\"twitter:card\" content=\"summary_large_image\" \/>\n<script type=\"application\/ld+json\" class=\"yoast-schema-graph\">{\"@context\":\"https:\/\/schema.org\",\"@graph\":[{\"@type\":\"WebPage\",\"@id\":\"https:\/\/www.quadria.eu\/en\/pessac-dechets-verts.html\",\"url\":\"https:\/\/www.quadria.eu\/en\/pessac-dechets-verts.html\",\"name\":\"Demande d\u2019un deuxi\u00e8me bac \u00e0 d\u00e9chets verts \u2013 Pessac (33) - Quadria\",\"isPartOf\":{\"@id\":\"https:\/\/www.quadria.eu\/#website\"},\"datePublished\":\"2018-10-18T08:23:45+00:00\",\"dateModified\":\"2026-04-02T06:26:29+00:00\",\"description\":\"Demande de deuxi\u00e8me bac \u00e0 d\u00e9chets verts pour les habitants de Pessac : effectuez votre demande en ligne via notre formulaire.\",\"breadcrumb\":{\"@id\":\"https:\/\/www.quadria.eu\/en\/pessac-dechets-verts.html#breadcrumb\"},\"inLanguage\":\"en-US\",\"potentialAction\":[{\"@type\":\"ReadAction\",\"target\":[\"https:\/\/www.quadria.eu\/en\/pessac-dechets-verts.html\"]}]},{\"@type\":\"BreadcrumbList\",\"@id\":\"https:\/\/www.quadria.eu\/en\/pessac-dechets-verts.html#breadcrumb\",\"itemListElement\":[{\"@type\":\"ListItem\",\"position\":1,\"name\":\"Accueil\",\"item\":\"https:\/\/www.quadria.eu\/en\/\"},{\"@type\":\"ListItem\",\"position\":2,\"name\":\"Demande d\u2019un deuxi\u00e8me bac \u00e0 d\u00e9chets verts \u2013 Pessac (33)\"}]},{\"@type\":\"WebSite\",\"@id\":\"https:\/\/www.quadria.eu\/#website\",\"url\":\"https:\/\/www.quadria.eu\/\",\"name\":\"Quadria\",\"description\":\"A site using WordPress \",\"potentialAction\":[{\"@type\":\"SearchAction\",\"target\":{\"@type\":\"EntryPoint\",\"urlTemplate\":\"https:\/\/www.quadria.eu\/?s={search_term_string}\"},\"query-input\":{\"@type\":\"PropertyValueSpecification\",\"valueRequired\":true,\"valueName\":\"search_term_string\"}}],\"inLanguage\":\"en-US\"}]}<\/script>\n<!-- \/ Yoast SEO plugin. -->","yoast_head_json":{"title":"Demande d\u2019un deuxi\u00e8me bac \u00e0 d\u00e9chets verts \u2013 Pessac (33) - Quadria","description":"Demande de deuxi\u00e8me bac \u00e0 d\u00e9chets verts pour les habitants de Pessac : effectuez votre demande en ligne via notre formulaire.","robots":{"index":"index","follow":"follow","max-snippet":"max-snippet:-1","max-image-preview":"max-image-preview:large","max-video-preview":"max-video-preview:-1"},"canonical":"https:\/\/www.quadria.eu\/en\/pessac-dechets-verts.html","og_locale":"en_US","og_type":"article","og_title":"Demande d\u2019un deuxi\u00e8me bac \u00e0 d\u00e9chets verts \u2013 Pessac (33) - Quadria","og_description":"Demande de deuxi\u00e8me bac \u00e0 d\u00e9chets verts pour les habitants de Pessac : effectuez votre demande en ligne via notre formulaire.","og_url":"https:\/\/www.quadria.eu\/en\/pessac-dechets-verts.html","og_site_name":"Quadria","article_modified_time":"2026-04-02T06:26:29+00:00","twitter_card":"summary_large_image","schema":{"@context":"https:\/\/schema.org","@graph":[{"@type":"WebPage","@id":"https:\/\/www.quadria.eu\/en\/pessac-dechets-verts.html","url":"https:\/\/www.quadria.eu\/en\/pessac-dechets-verts.html","name":"Demande d\u2019un deuxi\u00e8me bac \u00e0 d\u00e9chets verts \u2013 Pessac (33) - Quadria","isPartOf":{"@id":"https:\/\/www.quadria.eu\/#website"},"datePublished":"2018-10-18T08:23:45+00:00","dateModified":"2026-04-02T06:26:29+00:00","description":"Demande de deuxi\u00e8me bac \u00e0 d\u00e9chets verts pour les habitants de Pessac : effectuez votre demande en ligne via notre formulaire.","breadcrumb":{"@id":"https:\/\/www.quadria.eu\/en\/pessac-dechets-verts.html#breadcrumb"},"inLanguage":"en-US","potentialAction":[{"@type":"ReadAction","target":["https:\/\/www.quadria.eu\/en\/pessac-dechets-verts.html"]}]},{"@type":"BreadcrumbList","@id":"https:\/\/www.quadria.eu\/en\/pessac-dechets-verts.html#breadcrumb","itemListElement":[{"@type":"ListItem","position":1,"name":"Accueil","item":"https:\/\/www.quadria.eu\/en\/"},{"@type":"ListItem","position":2,"name":"Demande d\u2019un deuxi\u00e8me bac \u00e0 d\u00e9chets verts \u2013 Pessac (33)"}]},{"@type":"WebSite","@id":"https:\/\/www.quadria.eu\/#website","url":"https:\/\/www.quadria.eu\/","name":"Quadria","description":"A site using WordPress ","potentialAction":[{"@type":"SearchAction","target":{"@type":"EntryPoint","urlTemplate":"https:\/\/www.quadria.eu\/?s={search_term_string}"},"query-input":{"@type":"PropertyValueSpecification","valueRequired":true,"valueName":"search_term_string"}}],"inLanguage":"en-US"}]}},"_links":{"self":[{"href":"https:\/\/www.quadria.eu\/en\/wp-json\/wp\/v2\/pages\/6119","targetHints":{"allow":["GET"]}}],"collection":[{"href":"https:\/\/www.quadria.eu\/en\/wp-json\/wp\/v2\/pages"}],"about":[{"href":"https:\/\/www.quadria.eu\/en\/wp-json\/wp\/v2\/types\/page"}],"author":[{"embeddable":true,"href":"https:\/\/www.quadria.eu\/en\/wp-json\/wp\/v2\/users\/1"}],"replies":[{"embeddable":true,"href":"https:\/\/www.quadria.eu\/en\/wp-json\/wp\/v2\/comments?post=6119"}],"version-history":[{"count":20,"href":"https:\/\/www.quadria.eu\/en\/wp-json\/wp\/v2\/pages\/6119\/revisions"}],"predecessor-version":[{"id":9512,"href":"https:\/\/www.quadria.eu\/en\/wp-json\/wp\/v2\/pages\/6119\/revisions\/9512"}],"wp:attachment":[{"href":"https:\/\/www.quadria.eu\/en\/wp-json\/wp\/v2\/media?parent=6119"}],"curies":[{"name":"wp","href":"https:\/\/api.w.org\/{rel}","templated":true}]}}