{"id":6122,"date":"2021-10-11T14:24:29","date_gmt":"2021-10-11T12:24:29","guid":{"rendered":"https:\/\/www.quadria.eu\/cookie-policy.html"},"modified":"2022-12-04T15:18:42","modified_gmt":"2022-12-04T14:18:42","slug":"cookie-policy","status":"publish","type":"page","link":"https:\/\/www.quadria.eu\/en\/cookie-policy.html","title":{"rendered":"Cookie Policy"},"content":{"rendered":"\n<p><\/p>\n\n<p><strong>INFORMATIONS G\u00c9N\u00c9RALES SUR LA PR\u00c9SENTE POLITIQUE &amp; SUR LES COOKIES<br\/>QUADRIA Environnement<\/strong><br\/>La soci\u00e9t\u00e9 agit en qualit\u00e9 de responsable de traitement pour les donn\u00e9es qu\u2019elle collecte sur son site.<br\/>Lors de votre navigation sur le site, des \u00ab traceurs \u00bb ou \u00ab cookies \u00bb peuvent \u00eatre install\u00e9s sur votre terminal (ordinateur de bureau ou ordinateur portable, smartphone, tablette, \u2026). De la m\u00eame fa\u00e7on, ces cookies ou traceurs peuvent \u00eatre utilis\u00e9s dans les courriers \u00e9lectroniques que nous vous adressons.<\/p>\n\n<p><br\/>La pr\u00e9sente Politique relative aux cookies a vocation \u00e0 communiquer \u00e0 tout Utilisateur de notre Site et\/ou r\u00e9ceptionnaire de nos courriels, toute information essentielle relative \u00e0 la mani\u00e8re dont nous utilisons les cookies, selon quelles finalit\u00e9s et moyens, et enfin quels sont les droits de tout Utilisateur sur les donn\u00e9es collect\u00e9es par les cookies.<\/p>\n\n<p><br\/>La pr\u00e9sente Politique s\u2019inscrit dans le respect des exigences relatives aux donn\u00e9es \u00e0 caract\u00e8re personnel collect\u00e9es par les cookies, dans le cadre de la Loi n\u00b0 78-17 du 6 janvier 1978 relative \u00e0 l\u2019informatique, aux fichiers et aux libert\u00e9s dite \u00ab Informatique et libert\u00e9s \u00bb, et notamment son article 82 ; du R\u00e8glement (UE) 2016\/679 du Parlement europ\u00e9en et du Conseil du 27 avril 2016, relatif \u00e0 la protection des personnes physiques \u00e0 l\u2019\u00e9gard du traitement des donn\u00e9es \u00e0 caract\u00e8re personnel et \u00e0 la libre circulation de ces donn\u00e9es dit \u00ab RGPD \u00bb entr\u00e9 en application le 25 mai 2018 ; et enfin des Recommandations \u00e9mises par la CNIL le 17 septembre 2020 dans sa D\u00e9lib\u00e9ration n\u00b02020-092.<\/p>\n\n<p><br\/>La pr\u00e9sente politique est modifiable \u00e0 tout moment par la soci\u00e9t\u00e9 QUADRIA, notamment en cas d\u2019\u00e9volutions li\u00e9es \u00e0 la r\u00e8glementation et\/ou aux pratiques relatives aux cookies.<br\/>La pr\u00e9sente politique est applicable du seul fait de sa publication sur nos Sites internet. Pour toute question y relative, l\u2019Utilisateur peut prendre contact avec la soci\u00e9t\u00e9 QUADRIA par courrier ou par email :<br\/>QUADRIA \u2013 68 rue Blaise Pascal, 33127 SAINTE JEAN D\u2019ILLAC (France) ou dpo@www.quadria.eu<\/p>\n\n<p><\/p>\n\n<p><\/p>\n\n<p><strong>D\u00c9FINITIONS ET APPLICATION DE LA PR\u00c9SENTE POLITIQUE<\/strong> <strong>\u00ab Cookie \u00bb : <\/strong><\/p>\n\n<p>D\u2019apr\u00e8s la CNIL, il s\u2019agit d\u2019un \u00ab petit fichier informatique, un traceur, d\u00e9pos\u00e9 et lu par exemple lors de la consultation d\u2019un site internet, de la lecture d\u2019un courrier \u00e9lectronique, de l\u2019installation ou de l\u2019utilisation d\u2019un logiciel ou d\u2019une application mobile et ce, quel que soit le type de terminal utilis\u00e9 (ordinateur, smartphone, liseuse num\u00e9rique, console de jeux vid\u00e9o connect\u00e9e \u00e0 Internet, etc.). \u00bb<\/p>\n\n<ul class=\"wp-block-list\">\n<li>\u00ab Soci\u00e9t\u00e9 QUADRIA \u00bb : La soci\u00e9t\u00e9 QUADRIA est une marque d\u00e9pos\u00e9e. La soci\u00e9t\u00e9 est soumise \u00e0 la pr\u00e9sente politique \u00e0 l\u2019\u00e9gard des Utilisateurs.<\/li>\n\n\n\n<li>\u00ab Site \u00bb ou \u00ab Site internet \u00bb : Il s\u2019agit ici du site sur lequel vous naviguez, auquel la pr\u00e9sente politique est rattach\u00e9e.<\/li>\n\n\n\n<li>\u00ab Soci\u00e9t\u00e9 \u00bb ou \u00ab Soci\u00e9t\u00e9 \u00e9ditrice \u00bb ou \u00ab Soci\u00e9t\u00e9 \u00e9ditrice du Site \u00bb : il s\u2019agit de l\u2019une des soci\u00e9t\u00e9s ci-dessus vis\u00e9e, cit\u00e9e dans les mentions obligatoires du Site, celle qui propose ses services au travers du Site que l\u2019Utilisateur visite.<\/li>\n\n\n\n<li>\u00ab Utilisateur \u00bb : il s\u2019agit de toute personne navigant sur le Site et utilisant les services du Site.<\/li>\n<\/ul>\n\n<p><\/p>\n\n<p><\/p>\n\n<p><strong>FINALIT\u00c9S ET BASES L\u00c9GALES DES COOKIES D\u00c9POS\u00c9S PAR LA SOCI\u00c9T\u00c9 \u00c9DITRICE DU SITE :<br\/><\/strong>Les Cookies d\u00e9pos\u00e9s sont par les Soci\u00e9t\u00e9s du Groupe IDAIA, et sp\u00e9cifiquement par la Soci\u00e9t\u00e9 \u00e9ditrice du Site sur lequel vous naviguez, (CARTEGIE, BASE PLUS, EUROPROGRES ou LA COMPAGNIE HYPERACTIVE). Les donn\u00e9es collect\u00e9es via d\u00e9p\u00f4t de Cookies initi\u00e9 par l\u2019une des Soci\u00e9t\u00e9s du Groupe IDAIA ne sont jamais trait\u00e9es par ou pour le compte d\u2019une autre Soci\u00e9t\u00e9 du Groupe IDAIA. Chaque Soci\u00e9t\u00e9 r\u00e9alise une collecte herm\u00e9tique lui \u00e9tant propre.<\/p>\n\n<p><br\/>Lorsqu\u2019une Soci\u00e9t\u00e9 du Groupe IDAIA, \u00e9ditrice du Site internet, d\u00e9pose et lit des Cookies sur le terminal de l\u2019Utilisateur, ou lorsqu\u2019un tiers r\u00e9alise ce traitement pour le compte d\u2019une Soci\u00e9t\u00e9 du Groupe IDAIA, cette derni\u00e8re agit en qualit\u00e9 de Responsable de traitement au sens de l\u2019article 4 du RGPD.<br\/>Les personnes ayant acc\u00e8s aux donn\u00e9es sont qualifi\u00e9es de destinataires. Les destinataires sont les \u00e9quipes internes du Groupe IDAIA.<\/p>\n\n<p><br\/>Il existe plusieurs types de Cookies utilis\u00e9s sur nos sites, selon les finalit\u00e9s ci-apr\u00e8s. Le d\u00e9tail de ces Cookies est consultable sur la page de gestion et de param\u00e9trage des Cookies.<\/p>\n\n<p><\/p>\n\n<p><strong><span style=\"text-decoration: underline;\">Les Cookies techniques n\u00e9cessaires (obligatoires)<br\/><\/span><\/strong>Finalit\u00e9 : Ces Cookies de nature technique sont d\u00e9pos\u00e9s afin de garantir le bon fonctionnement des fonctionnalit\u00e9s et services offerts par le site. Ils peuvent \u00e9galement \u00eatre indispensables \u00e0 l\u2019acc\u00e8s \u00e0 un contenu personnalis\u00e9 ou encore afin de satisfaire \u00e0 une demande expresse de l\u2019utilisation de b\u00e9n\u00e9ficier d\u2019une fonctionnalit\u00e9 particuli\u00e8re offerte par le site.<br\/>Base l\u00e9gale : int\u00e9r\u00eat l\u00e9gitime<\/p>\n\n<p><\/p>\n\n<p><strong><span style=\"text-decoration: underline;\">Les Cookies de fonctionnalit\u00e9<br\/><\/span><\/strong>Finalit\u00e9 : Ces Cookies peuvent permettre au Groupe IDAIA d\u2019enrichir et d\u2019am\u00e9liorer l\u2019exp\u00e9rience de navigation de l\u2019utilisateur gr\u00e2ce au param\u00e9trage de l\u2019environnement, selon ses pr\u00e9f\u00e9rences. Il peut s\u2019agir notamment de la m\u00e9morisation de la langue par d\u00e9faut.<br\/>Le Groupe IDAIA peut \u00e9galement d\u00e9poser des Cookies permettant de d\u00e9celer et identifier tout message d\u2019erreur et ainsi rem\u00e9dier \u00e0 tout probl\u00e8me technique.<br\/>Base l\u00e9gale : int\u00e9r\u00eat l\u00e9gitime<\/p>\n\n<p><\/p>\n\n<p><span style=\"text-decoration: underline;\"><strong>Les Cookies de mesure d\u2019audience<br\/><\/strong><\/span>Finalit\u00e9 : Les Cookies de mesure d\u2019audience permettent au Groupe IDAIA d\u2019\u00e9tablir des statistiques sur le volume de fr\u00e9quentation sur ses sites (fr\u00e9quences des visites, pages consult\u00e9es, activit\u00e9 des Utilisateurs). Gr\u00e2ce \u00e0 l\u2019interpr\u00e9tation de ses statistiques, le Groupe IDAIA sera capable d\u2019am\u00e9liorer continuellement l\u2019exp\u00e9rience de navigation.<br\/>Ces Cookies peuvent permettre de mesurer les performances des publicit\u00e9s le cas \u00e9ch\u00e9ant, ou encore les performances du contenu.<br\/>Base l\u00e9gale : int\u00e9r\u00eat l\u00e9gitime<\/p>\n\n<p><\/p>\n\n<p><strong><span style=\"text-decoration: underline;\">Les Cookies de publicit\u00e9 cibl\u00e9e<br\/><\/span><\/strong>Finalit\u00e9 : Le Groupe IDAIA, sur recueil du consentement expr\u00e8s de l\u2019utilisateur, d\u00e9pose des Cookies lui permettant d\u2019obtenir des renseignements sur la navigation de l\u2019utilisateur et de lui proposer de la publicit\u00e9 cibl\u00e9e sur ces \u00e9l\u00e9ments.<br\/>Base l\u00e9gale : consentement<\/p>\n\n<p><\/p>\n\n<p><strong>SERVICES TIERS<\/strong><br\/>Certains Cookies sont d\u00e9pos\u00e9s par des tiers qui agissent pour leur propre compte ou bien pour le compte de la soci\u00e9t\u00e9 QUADRIA.<br\/>Lorsque des tiers d\u00e9posent des Cookies pour leur propre compte, ils agissent en qualit\u00e9 de responsables de traitement au sens de l\u2019article 4 du RGPD.<br\/><\/p>\n\n<p>Lorsque des tiers d\u00e9posent des Cookies pour le compte de la soci\u00e9t\u00e9 QUADRIA, ils agissent en qualit\u00e9 de sous-traitants de la Soci\u00e9t\u00e9. Le cas \u00e9ch\u00e9ant, la soci\u00e9t\u00e9 QUADRIA s\u2019assure du respect de ses sous-traitants de leurs obligations en mati\u00e8re de donn\u00e9es \u00e0 caract\u00e8re personnel, au regard de la l\u00e9gislation en vigueur.<br\/>Les destinataires des donn\u00e9es trait\u00e9es par des tiers sont les annonceurs ou r\u00e9gies publicitaires ou encore les prestataires techniques.<br\/><\/p>\n\n<p>Ces services tiers, leurs finalit\u00e9s, bases l\u00e9gales et politiques de confidentialit\u00e9 sont pr\u00e9cis\u00e9s dans la page de gestion et de param\u00e9trage des Cookies.<\/p>\n\n<p><\/p>\n\n<p><strong>DONN\u00c9ES COLLECT\u00c9ES PAR L\u2019INTERM\u00c9DIAIRE DES COOKIES<br\/><\/strong>Tous les Cookies ne collectent pas forc\u00e9ment de donn\u00e9es \u00e0 caract\u00e8re personnel au sens de l\u2019article 4 du RGPD. Les donn\u00e9es collect\u00e9es sont les suivantes :<br\/>\u2022 Donn\u00e9es d\u2019identification (adresse IP anonymis\u00e9e, ID utilisateur, ID de session) ;<br\/>\u2022 Donn\u00e9es de connexion ;<br\/>\u2022 Donn\u00e9es analytiques (navigateur, nombre de pages vues, cheminement de la navigation de l\u2019utilisateur sur le Site, temps pass\u00e9 sur une page et sur le Site, \u2026)<br\/>\u2022 Donn\u00e9es \u00e0 finalit\u00e9 publicitaire et actions li\u00e9es aux r\u00e9seaux sociaux<br\/>\u2022 Donn\u00e9es d\u2019acceptation de tra\u00e7age ou d\u2019utilisation des donn\u00e9es (clic) ;<br\/>\u2022 Donn\u00e9es issues du navigateur de l\u2019utilisateur (g\u00e9olocalisation, langue).<br\/>Sur le site, les donn\u00e9es \u00e0 caract\u00e8re personnel ne sont collect\u00e9es que lorsque l\u2019Utilisateur saisit ses informations via un formulaire de contact. Aucune donn\u00e9e \u00e0 caract\u00e8re personnel n\u2019est collect\u00e9e dans le cadre du d\u00e9p\u00f4t et de la lecture de Cookies.<\/p>\n\n<p><\/p>\n\n<p><strong>INFORMATIONS SP\u00c9CIFIQUES CONCERNANT LE SUIVI DES PERFORMANCES DES COMMUNICATIONS DE LA SOCIETE QUADRIA<\/strong><br\/>Afin de mesurer et d\u2019optimiser les performances de ses op\u00e9rations, la Soci\u00e9t\u00e9 QUADRIA utilise des Cookies permettant de r\u00e9aliser des statistiques. Ces Cookies permettent de collecter les informations suivantes :<br\/>\u2022 Taux d\u2019ouverture de l\u2019email<br\/>\u2022 Clics dans l\u2019email<br\/>\u2022 Taux de d\u00e9sabonnement<\/p>\n\n<p><\/p>\n\n<p><strong>DUR\u00c9E DE CONSERVATION<br\/><\/strong>Les Cookies ont une dur\u00e9e de vie de 13 mois maximum \u00e0 compter de leur d\u00e9p\u00f4t. Les donn\u00e9es collect\u00e9es sont conserv\u00e9es pendant une dur\u00e9e de 25 mois maximum \u00e0 compter de leur collecte.<\/p>\n\n<p><\/p>\n\n<p><\/p>\n\n<p><\/p>\n\n<p><strong>GESTION DU CONSENTEMENT ET DROITS DES UTILISATEURS<br\/><\/strong><\/p>\n\n<p><span style=\"text-decoration: underline;\">GESTION DU CONSENTEMENT<br\/><\/span>Chaque utilisateur peut, \u00e0 tout moment, param\u00e9trer les fonctionnalit\u00e9s auxquelles il a consenti, en utilisant notre outil de gestion des pr\u00e9f\u00e9rences Cookies.<br\/><\/p>\n\n<p><\/p>\n\n<p><span style=\"text-decoration: underline;\">DROITS DES UTILISATEURS<\/span><\/p>\n\n<p>\u2022 A propos des droits sp\u00e9cifiques \u00e0 la r\u00e8glementation applicable aux Cookies :<br\/>Conform\u00e9ment \u00e0 la r\u00e8glementation applicable sp\u00e9cifiquement aux Cookies et traceurs, l\u2019utilisateur dispose des droits suivants :<br\/>\u2022 Droit d\u2019information<br\/>L\u2019utilisateur doit \u00eatre inform\u00e9 des finalit\u00e9s des Cookies d\u00e9pos\u00e9s, des donn\u00e9es collect\u00e9es, des bases l\u00e9gales ainsi que des acteurs traitant leurs donn\u00e9es. De m\u00eame, les utilisateurs sont inform\u00e9s des droits dont ils disposent pour s\u2019opposer au traitement de leurs donn\u00e9es. Ces informations sont fournies par la pr\u00e9sente politique ainsi que par la page de gestion des pr\u00e9f\u00e9rences.<br\/>\u2022 Droit de consentir ou non au d\u00e9p\u00f4t et \u00e0 la lecture de Cookies<br\/>Ce consentement ne s\u2019applique cependant pas aux Cookies \u00e0 usage technique, \u00e0 savoir, les Cookies indispensables et n\u00e9cessaires \u00e0 la fourniture des services propos\u00e9s par le Site. Le consentement est toutefois n\u00e9cessaire lorsqu\u2019il s\u2019agit de Cookies li\u00e9s \u00e0 la publicit\u00e9 cibl\u00e9e notamment. Le consentement est donn\u00e9 lorsque l\u2019Utilisateur clique sur \u00ab tout accepter \u00bb ou bien lorsqu\u2019il a activ\u00e9 le d\u00e9p\u00f4t et la lecture de Cookies via la page de param\u00e9trage de ces derniers.<br\/>\u2022 Droit de param\u00e9trage de l\u2019usage des Cookies<br\/>\u00c0 tout moment, chaque Utilisateur doit pouvoir g\u00e9rer les param\u00e9trages li\u00e9s \u00e0 l\u2019usage et au d\u00e9p\u00f4t des Cookies sur son terminal. Il doit pouvoir accepter ou refuser, de mani\u00e8re sp\u00e9cifique, chaque Cookie. Ceci est rendu possible via l\u2019outil de param\u00e9trage des Cookies.<\/p>\n\n<p>\u2022 A propos des droits sp\u00e9cifiques \u00e0 la r\u00e8glementation applicables aux donn\u00e9es \u00e0 caract\u00e8re personnel<br\/>Conform\u00e9ment \u00e0 la r\u00e8glementation applicable (Chapitre III du RGPD et Titre II \u2013 Chapitre II de la Loi Informatique et Libert\u00e9s), tout Utilisateur peut, \u00e0 tout moment, obtenir de la Soci\u00e9t\u00e9 Editrice du Site que :<br\/>\u2022 Lui soient communiqu\u00e9es, par simple confirmation \u00e9ventuellement accompagn\u00e9e d\u2019une copie, l\u2019ensemble des donn\u00e9es \u00e0 caract\u00e8re personnel le concernant qui sont trait\u00e9es par elle (droit d\u2019acc\u00e8s) ;<br\/>\u2022 Les donn\u00e9es erron\u00e9es ou d\u00e9su\u00e8tes le concernant soient rectifi\u00e9es (droit de rectification) ;<br\/>\u2022 Les donn\u00e9es le concernant soient effac\u00e9es (droit de suppression) ;<br\/>\u2022 Les donn\u00e9es le concernant ne soient plus trait\u00e9es selon certaines finalit\u00e9s pr\u00e9cis\u00e9es (droit d\u2019opposition) ;<\/p>\n\n<p><\/p>\n\n<p><strong>S\u00c9CURIT\u00c9<br\/><\/strong>La soci\u00e9t\u00e9 QUADRIA est tr\u00e8s attentive aux mesures techniques et organisationnelles mises en \u0153uvre au sein de sa structure. Ces mesures sont destin\u00e9es \u00e0 \u00e9viter tout acc\u00e8s non autoris\u00e9, perte, destruction, alt\u00e9ration, divulgation des donn\u00e9es des utilisateurs qui sont trait\u00e9es. L\u2019ensemble des collaborateurs de la soci\u00e9t\u00e9 QUADRIA est soumis \u00e0 une Charte Informatique, de nombreuses proc\u00e9dures visant \u00e0 garantir la s\u00e9curit\u00e9 sont mises en place et test\u00e9es r\u00e9guli\u00e8rement.<\/p>\n","protected":false},"excerpt":{"rendered":"<p>INFORMATIONS G\u00c9N\u00c9RALES SUR LA PR\u00c9SENTE POLITIQUE &amp; SUR LES COOKIESQUADRIA EnvironnementLa soci\u00e9t\u00e9&#8230;&nbsp;<a class=\"excerpt_more\" href=\"https:\/\/www.quadria.eu\/en\/cookie-policy.html\">Lire la suite <span class=\"meta-nav\">&rarr;<\/span><\/a><\/p>\n","protected":false},"author":3,"featured_media":0,"parent":0,"menu_order":0,"comment_status":"closed","ping_status":"closed","template":"","meta":{"_acf_changed":false,"footnotes":""},"class_list":["post-6122","page","type-page","status-publish","hentry"],"acf":[],"yoast_head":"<!-- This site is optimized with the Yoast SEO plugin v27.2 - https:\/\/yoast.com\/product\/yoast-seo-wordpress\/ -->\n<title>Cookie Policy - Quadria<\/title>\n<meta name=\"robots\" content=\"index, follow, max-snippet:-1, max-image-preview:large, max-video-preview:-1\" \/>\n<link rel=\"canonical\" href=\"https:\/\/www.quadria.eu\/en\/cookie-policy.html\" \/>\n<meta property=\"og:locale\" content=\"en_US\" \/>\n<meta property=\"og:type\" content=\"article\" \/>\n<meta property=\"og:title\" content=\"Cookie Policy - Quadria\" \/>\n<meta property=\"og:description\" content=\"INFORMATIONS G\u00c9N\u00c9RALES SUR LA PR\u00c9SENTE POLITIQUE &amp; SUR LES COOKIESQUADRIA EnvironnementLa soci\u00e9t\u00e9...&nbsp;Lire la suite &rarr;\" \/>\n<meta property=\"og:url\" content=\"https:\/\/www.quadria.eu\/en\/cookie-policy.html\" \/>\n<meta property=\"og:site_name\" content=\"Quadria\" \/>\n<meta property=\"article:modified_time\" content=\"2022-12-04T14:18:42+00:00\" \/>\n<meta name=\"twitter:card\" content=\"summary_large_image\" \/>\n<meta name=\"twitter:label1\" content=\"Est. reading time\" \/>\n\t<meta name=\"twitter:data1\" content=\"10 minutes\" \/>\n<script type=\"application\/ld+json\" class=\"yoast-schema-graph\">{\"@context\":\"https:\/\/schema.org\",\"@graph\":[{\"@type\":\"WebPage\",\"@id\":\"https:\/\/www.quadria.eu\/en\/cookie-policy.html\",\"url\":\"https:\/\/www.quadria.eu\/en\/cookie-policy.html\",\"name\":\"Cookie Policy - Quadria\",\"isPartOf\":{\"@id\":\"https:\/\/www.quadria.eu\/#website\"},\"datePublished\":\"2021-10-11T12:24:29+00:00\",\"dateModified\":\"2022-12-04T14:18:42+00:00\",\"breadcrumb\":{\"@id\":\"https:\/\/www.quadria.eu\/en\/cookie-policy.html#breadcrumb\"},\"inLanguage\":\"en-US\",\"potentialAction\":[{\"@type\":\"ReadAction\",\"target\":[\"https:\/\/www.quadria.eu\/en\/cookie-policy.html\"]}]},{\"@type\":\"BreadcrumbList\",\"@id\":\"https:\/\/www.quadria.eu\/en\/cookie-policy.html#breadcrumb\",\"itemListElement\":[{\"@type\":\"ListItem\",\"position\":1,\"name\":\"Accueil\",\"item\":\"https:\/\/www.quadria.eu\/en\/\"},{\"@type\":\"ListItem\",\"position\":2,\"name\":\"Cookie Policy\"}]},{\"@type\":\"WebSite\",\"@id\":\"https:\/\/www.quadria.eu\/#website\",\"url\":\"https:\/\/www.quadria.eu\/\",\"name\":\"Quadria\",\"description\":\"A site using WordPress \",\"potentialAction\":[{\"@type\":\"SearchAction\",\"target\":{\"@type\":\"EntryPoint\",\"urlTemplate\":\"https:\/\/www.quadria.eu\/?s={search_term_string}\"},\"query-input\":{\"@type\":\"PropertyValueSpecification\",\"valueRequired\":true,\"valueName\":\"search_term_string\"}}],\"inLanguage\":\"en-US\"}]}<\/script>\n<!-- \/ Yoast SEO plugin. -->","yoast_head_json":{"title":"Cookie Policy - Quadria","robots":{"index":"index","follow":"follow","max-snippet":"max-snippet:-1","max-image-preview":"max-image-preview:large","max-video-preview":"max-video-preview:-1"},"canonical":"https:\/\/www.quadria.eu\/en\/cookie-policy.html","og_locale":"en_US","og_type":"article","og_title":"Cookie Policy - Quadria","og_description":"INFORMATIONS G\u00c9N\u00c9RALES SUR LA PR\u00c9SENTE POLITIQUE &amp; SUR LES COOKIESQUADRIA EnvironnementLa soci\u00e9t\u00e9...&nbsp;Lire la suite &rarr;","og_url":"https:\/\/www.quadria.eu\/en\/cookie-policy.html","og_site_name":"Quadria","article_modified_time":"2022-12-04T14:18:42+00:00","twitter_card":"summary_large_image","twitter_misc":{"Est. reading time":"10 minutes"},"schema":{"@context":"https:\/\/schema.org","@graph":[{"@type":"WebPage","@id":"https:\/\/www.quadria.eu\/en\/cookie-policy.html","url":"https:\/\/www.quadria.eu\/en\/cookie-policy.html","name":"Cookie Policy - Quadria","isPartOf":{"@id":"https:\/\/www.quadria.eu\/#website"},"datePublished":"2021-10-11T12:24:29+00:00","dateModified":"2022-12-04T14:18:42+00:00","breadcrumb":{"@id":"https:\/\/www.quadria.eu\/en\/cookie-policy.html#breadcrumb"},"inLanguage":"en-US","potentialAction":[{"@type":"ReadAction","target":["https:\/\/www.quadria.eu\/en\/cookie-policy.html"]}]},{"@type":"BreadcrumbList","@id":"https:\/\/www.quadria.eu\/en\/cookie-policy.html#breadcrumb","itemListElement":[{"@type":"ListItem","position":1,"name":"Accueil","item":"https:\/\/www.quadria.eu\/en\/"},{"@type":"ListItem","position":2,"name":"Cookie Policy"}]},{"@type":"WebSite","@id":"https:\/\/www.quadria.eu\/#website","url":"https:\/\/www.quadria.eu\/","name":"Quadria","description":"A site using WordPress ","potentialAction":[{"@type":"SearchAction","target":{"@type":"EntryPoint","urlTemplate":"https:\/\/www.quadria.eu\/?s={search_term_string}"},"query-input":{"@type":"PropertyValueSpecification","valueRequired":true,"valueName":"search_term_string"}}],"inLanguage":"en-US"}]}},"_links":{"self":[{"href":"https:\/\/www.quadria.eu\/en\/wp-json\/wp\/v2\/pages\/6122","targetHints":{"allow":["GET"]}}],"collection":[{"href":"https:\/\/www.quadria.eu\/en\/wp-json\/wp\/v2\/pages"}],"about":[{"href":"https:\/\/www.quadria.eu\/en\/wp-json\/wp\/v2\/types\/page"}],"author":[{"embeddable":true,"href":"https:\/\/www.quadria.eu\/en\/wp-json\/wp\/v2\/users\/3"}],"replies":[{"embeddable":true,"href":"https:\/\/www.quadria.eu\/en\/wp-json\/wp\/v2\/comments?post=6122"}],"version-history":[{"count":3,"href":"https:\/\/www.quadria.eu\/en\/wp-json\/wp\/v2\/pages\/6122\/revisions"}],"predecessor-version":[{"id":6308,"href":"https:\/\/www.quadria.eu\/en\/wp-json\/wp\/v2\/pages\/6122\/revisions\/6308"}],"wp:attachment":[{"href":"https:\/\/www.quadria.eu\/en\/wp-json\/wp\/v2\/media?parent=6122"}],"curies":[{"name":"wp","href":"https:\/\/api.w.org\/{rel}","templated":true}]}}