{"id":6134,"date":"2018-10-16T15:25:50","date_gmt":"2018-10-16T13:25:50","guid":{"rendered":"https:\/\/www.quadria.eu\/services\/enquete.html"},"modified":"2023-01-05T10:24:16","modified_gmt":"2023-01-05T09:24:16","slug":"survey","status":"publish","type":"page","link":"https:\/\/www.quadria.eu\/en\/services\/survey.html","title":{"rendered":"Survey"},"content":{"rendered":"","protected":false},"excerpt":{"rendered":"","protected":false},"author":1,"featured_media":3635,"parent":6130,"menu_order":0,"comment_status":"closed","ping_status":"closed","template":"templates\/template-service.php","meta":{"_acf_changed":false,"footnotes":""},"class_list":["post-6134","page","type-page","status-publish","has-post-thumbnail","hentry"],"acf":[],"yoast_head":"<!-- This site is optimized with the Yoast SEO plugin v27.2 - https:\/\/yoast.com\/product\/yoast-seo-wordpress\/ -->\n<title>Survey - Quadria - \u00c9quiper un territoire pour la collecte des d\u00e9chets<\/title>\n<meta name=\"description\" content=\"\u00c9quiper un territoire pour la collecte des d\u00e9chets n\u00e9cessite d&#039;enqu\u00eater aupr\u00e8s des habitants afin d&#039;\u00e9valuer l&#039;existant et de conna\u00eetre leurs besoins.\" \/>\n<meta name=\"robots\" content=\"index, follow, max-snippet:-1, max-image-preview:large, max-video-preview:-1\" \/>\n<link rel=\"canonical\" href=\"https:\/\/www.quadria.eu\/en\/services\/survey.html\" \/>\n<meta property=\"og:locale\" content=\"en_US\" \/>\n<meta property=\"og:type\" content=\"article\" \/>\n<meta property=\"og:title\" content=\"Survey - Quadria - \u00c9quiper un territoire pour la collecte des d\u00e9chets\" \/>\n<meta property=\"og:description\" content=\"\u00c9quiper un territoire pour la collecte des d\u00e9chets n\u00e9cessite d&#039;enqu\u00eater aupr\u00e8s des habitants afin d&#039;\u00e9valuer l&#039;existant et de conna\u00eetre leurs besoins.\" \/>\n<meta property=\"og:url\" content=\"https:\/\/www.quadria.eu\/en\/services\/survey.html\" \/>\n<meta property=\"og:site_name\" content=\"Quadria\" \/>\n<meta property=\"article:modified_time\" content=\"2023-01-05T09:24:16+00:00\" \/>\n<meta property=\"og:image\" content=\"https:\/\/www.quadria.eu\/wp-content\/uploads\/2018\/10\/formule-enquete.png\" \/>\n\t<meta property=\"og:image:width\" content=\"98\" \/>\n\t<meta property=\"og:image:height\" content=\"98\" \/>\n\t<meta property=\"og:image:type\" content=\"image\/png\" \/>\n<meta name=\"twitter:card\" content=\"summary_large_image\" \/>\n<script type=\"application\/ld+json\" class=\"yoast-schema-graph\">{\"@context\":\"https:\/\/schema.org\",\"@graph\":[{\"@type\":\"WebPage\",\"@id\":\"https:\/\/www.quadria.eu\/en\/services\/survey.html\",\"url\":\"https:\/\/www.quadria.eu\/en\/services\/survey.html\",\"name\":\"Survey - Quadria - \u00c9quiper un territoire pour la collecte des d\u00e9chets\",\"isPartOf\":{\"@id\":\"https:\/\/www.quadria.eu\/#website\"},\"primaryImageOfPage\":{\"@id\":\"https:\/\/www.quadria.eu\/en\/services\/survey.html#primaryimage\"},\"image\":{\"@id\":\"https:\/\/www.quadria.eu\/en\/services\/survey.html#primaryimage\"},\"thumbnailUrl\":\"https:\/\/www.quadria.eu\/wp-content\/uploads\/2018\/10\/formule-enquete.png\",\"datePublished\":\"2018-10-16T13:25:50+00:00\",\"dateModified\":\"2023-01-05T09:24:16+00:00\",\"description\":\"\u00c9quiper un territoire pour la collecte des d\u00e9chets n\u00e9cessite d'enqu\u00eater aupr\u00e8s des habitants afin d'\u00e9valuer l'existant et de conna\u00eetre leurs besoins.\",\"breadcrumb\":{\"@id\":\"https:\/\/www.quadria.eu\/en\/services\/survey.html#breadcrumb\"},\"inLanguage\":\"en-US\",\"potentialAction\":[{\"@type\":\"ReadAction\",\"target\":[\"https:\/\/www.quadria.eu\/en\/services\/survey.html\"]}]},{\"@type\":\"ImageObject\",\"inLanguage\":\"en-US\",\"@id\":\"https:\/\/www.quadria.eu\/en\/services\/survey.html#primaryimage\",\"url\":\"https:\/\/www.quadria.eu\/wp-content\/uploads\/2018\/10\/formule-enquete.png\",\"contentUrl\":\"https:\/\/www.quadria.eu\/wp-content\/uploads\/2018\/10\/formule-enquete.png\",\"width\":98,\"height\":98},{\"@type\":\"BreadcrumbList\",\"@id\":\"https:\/\/www.quadria.eu\/en\/services\/survey.html#breadcrumb\",\"itemListElement\":[{\"@type\":\"ListItem\",\"position\":1,\"name\":\"Accueil\",\"item\":\"https:\/\/www.quadria.eu\/en\/\"},{\"@type\":\"ListItem\",\"position\":2,\"name\":\"Services\",\"item\":\"https:\/\/www.quadria.eu\/en\/services.html\"},{\"@type\":\"ListItem\",\"position\":3,\"name\":\"Survey\"}]},{\"@type\":\"WebSite\",\"@id\":\"https:\/\/www.quadria.eu\/#website\",\"url\":\"https:\/\/www.quadria.eu\/\",\"name\":\"Quadria\",\"description\":\"A site using WordPress \",\"potentialAction\":[{\"@type\":\"SearchAction\",\"target\":{\"@type\":\"EntryPoint\",\"urlTemplate\":\"https:\/\/www.quadria.eu\/?s={search_term_string}\"},\"query-input\":{\"@type\":\"PropertyValueSpecification\",\"valueRequired\":true,\"valueName\":\"search_term_string\"}}],\"inLanguage\":\"en-US\"}]}<\/script>\n<!-- \/ Yoast SEO plugin. -->","yoast_head_json":{"title":"Survey - Quadria - \u00c9quiper un territoire pour la collecte des d\u00e9chets","description":"\u00c9quiper un territoire pour la collecte des d\u00e9chets n\u00e9cessite d'enqu\u00eater aupr\u00e8s des habitants afin d'\u00e9valuer l'existant et de conna\u00eetre leurs besoins.","robots":{"index":"index","follow":"follow","max-snippet":"max-snippet:-1","max-image-preview":"max-image-preview:large","max-video-preview":"max-video-preview:-1"},"canonical":"https:\/\/www.quadria.eu\/en\/services\/survey.html","og_locale":"en_US","og_type":"article","og_title":"Survey - Quadria - \u00c9quiper un territoire pour la collecte des d\u00e9chets","og_description":"\u00c9quiper un territoire pour la collecte des d\u00e9chets n\u00e9cessite d'enqu\u00eater aupr\u00e8s des habitants afin d'\u00e9valuer l'existant et de conna\u00eetre leurs besoins.","og_url":"https:\/\/www.quadria.eu\/en\/services\/survey.html","og_site_name":"Quadria","article_modified_time":"2023-01-05T09:24:16+00:00","og_image":[{"width":98,"height":98,"url":"https:\/\/www.quadria.eu\/wp-content\/uploads\/2018\/10\/formule-enquete.png","type":"image\/png"}],"twitter_card":"summary_large_image","schema":{"@context":"https:\/\/schema.org","@graph":[{"@type":"WebPage","@id":"https:\/\/www.quadria.eu\/en\/services\/survey.html","url":"https:\/\/www.quadria.eu\/en\/services\/survey.html","name":"Survey - Quadria - \u00c9quiper un territoire pour la collecte des d\u00e9chets","isPartOf":{"@id":"https:\/\/www.quadria.eu\/#website"},"primaryImageOfPage":{"@id":"https:\/\/www.quadria.eu\/en\/services\/survey.html#primaryimage"},"image":{"@id":"https:\/\/www.quadria.eu\/en\/services\/survey.html#primaryimage"},"thumbnailUrl":"https:\/\/www.quadria.eu\/wp-content\/uploads\/2018\/10\/formule-enquete.png","datePublished":"2018-10-16T13:25:50+00:00","dateModified":"2023-01-05T09:24:16+00:00","description":"\u00c9quiper un territoire pour la collecte des d\u00e9chets n\u00e9cessite d'enqu\u00eater aupr\u00e8s des habitants afin d'\u00e9valuer l'existant et de conna\u00eetre leurs besoins.","breadcrumb":{"@id":"https:\/\/www.quadria.eu\/en\/services\/survey.html#breadcrumb"},"inLanguage":"en-US","potentialAction":[{"@type":"ReadAction","target":["https:\/\/www.quadria.eu\/en\/services\/survey.html"]}]},{"@type":"ImageObject","inLanguage":"en-US","@id":"https:\/\/www.quadria.eu\/en\/services\/survey.html#primaryimage","url":"https:\/\/www.quadria.eu\/wp-content\/uploads\/2018\/10\/formule-enquete.png","contentUrl":"https:\/\/www.quadria.eu\/wp-content\/uploads\/2018\/10\/formule-enquete.png","width":98,"height":98},{"@type":"BreadcrumbList","@id":"https:\/\/www.quadria.eu\/en\/services\/survey.html#breadcrumb","itemListElement":[{"@type":"ListItem","position":1,"name":"Accueil","item":"https:\/\/www.quadria.eu\/en\/"},{"@type":"ListItem","position":2,"name":"Services","item":"https:\/\/www.quadria.eu\/en\/services.html"},{"@type":"ListItem","position":3,"name":"Survey"}]},{"@type":"WebSite","@id":"https:\/\/www.quadria.eu\/#website","url":"https:\/\/www.quadria.eu\/","name":"Quadria","description":"A site using WordPress ","potentialAction":[{"@type":"SearchAction","target":{"@type":"EntryPoint","urlTemplate":"https:\/\/www.quadria.eu\/?s={search_term_string}"},"query-input":{"@type":"PropertyValueSpecification","valueRequired":true,"valueName":"search_term_string"}}],"inLanguage":"en-US"}]}},"_links":{"self":[{"href":"https:\/\/www.quadria.eu\/en\/wp-json\/wp\/v2\/pages\/6134","targetHints":{"allow":["GET"]}}],"collection":[{"href":"https:\/\/www.quadria.eu\/en\/wp-json\/wp\/v2\/pages"}],"about":[{"href":"https:\/\/www.quadria.eu\/en\/wp-json\/wp\/v2\/types\/page"}],"author":[{"embeddable":true,"href":"https:\/\/www.quadria.eu\/en\/wp-json\/wp\/v2\/users\/1"}],"replies":[{"embeddable":true,"href":"https:\/\/www.quadria.eu\/en\/wp-json\/wp\/v2\/comments?post=6134"}],"version-history":[{"count":3,"href":"https:\/\/www.quadria.eu\/en\/wp-json\/wp\/v2\/pages\/6134\/revisions"}],"predecessor-version":[{"id":6839,"href":"https:\/\/www.quadria.eu\/en\/wp-json\/wp\/v2\/pages\/6134\/revisions\/6839"}],"up":[{"embeddable":true,"href":"https:\/\/www.quadria.eu\/en\/wp-json\/wp\/v2\/pages\/6130"}],"wp:featuredmedia":[{"embeddable":true,"href":"https:\/\/www.quadria.eu\/en\/wp-json\/wp\/v2\/media\/3635"}],"wp:attachment":[{"href":"https:\/\/www.quadria.eu\/en\/wp-json\/wp\/v2\/media?parent=6134"}],"curies":[{"name":"wp","href":"https:\/\/api.w.org\/{rel}","templated":true}]}}