{"id":6135,"date":"2018-10-16T15:31:51","date_gmt":"2018-10-16T13:31:51","guid":{"rendered":"https:\/\/www.quadria.eu\/services\/formation.html"},"modified":"2023-01-05T10:17:59","modified_gmt":"2023-01-05T09:17:59","slug":"training","status":"publish","type":"page","link":"https:\/\/www.quadria.eu\/en\/services\/training.html","title":{"rendered":"Training"},"content":{"rendered":"","protected":false},"excerpt":{"rendered":"","protected":false},"author":1,"featured_media":0,"parent":6130,"menu_order":0,"comment_status":"closed","ping_status":"closed","template":"templates\/template-service.php","meta":{"_acf_changed":false,"footnotes":""},"class_list":["post-6135","page","type-page","status-publish","hentry"],"acf":[],"yoast_head":"<!-- This site is optimized with the Yoast SEO plugin v27.2 - https:\/\/yoast.com\/product\/yoast-seo-wordpress\/ -->\n<title>Training - Quadria - Apprendre les bons gestes du tri !<\/title>\n<meta name=\"description\" content=\"Quadria vous accompagne sur le terrain pour apprendre les bons gestes du tri \u00e0 diff\u00e9rents publics : agents de collectivit\u00e9, grand public, scolaires...\" \/>\n<meta name=\"robots\" content=\"index, follow, max-snippet:-1, max-image-preview:large, max-video-preview:-1\" \/>\n<link rel=\"canonical\" href=\"https:\/\/www.quadria.eu\/en\/services\/training.html\" \/>\n<meta property=\"og:locale\" content=\"en_US\" \/>\n<meta property=\"og:type\" content=\"article\" \/>\n<meta property=\"og:title\" content=\"Training - Quadria - Apprendre les bons gestes du tri !\" \/>\n<meta property=\"og:description\" content=\"Quadria vous accompagne sur le terrain pour apprendre les bons gestes du tri \u00e0 diff\u00e9rents publics : agents de collectivit\u00e9, grand public, scolaires...\" \/>\n<meta property=\"og:url\" content=\"https:\/\/www.quadria.eu\/en\/services\/training.html\" \/>\n<meta property=\"og:site_name\" content=\"Quadria\" \/>\n<meta property=\"article:modified_time\" content=\"2023-01-05T09:17:59+00:00\" \/>\n<meta name=\"twitter:card\" content=\"summary_large_image\" \/>\n<script type=\"application\/ld+json\" class=\"yoast-schema-graph\">{\"@context\":\"https:\/\/schema.org\",\"@graph\":[{\"@type\":\"WebPage\",\"@id\":\"https:\/\/www.quadria.eu\/en\/services\/training.html\",\"url\":\"https:\/\/www.quadria.eu\/en\/services\/training.html\",\"name\":\"Training - Quadria - Apprendre les bons gestes du tri !\",\"isPartOf\":{\"@id\":\"https:\/\/www.quadria.eu\/#website\"},\"datePublished\":\"2018-10-16T13:31:51+00:00\",\"dateModified\":\"2023-01-05T09:17:59+00:00\",\"description\":\"Quadria vous accompagne sur le terrain pour apprendre les bons gestes du tri \u00e0 diff\u00e9rents publics : agents de collectivit\u00e9, grand public, scolaires...\",\"breadcrumb\":{\"@id\":\"https:\/\/www.quadria.eu\/en\/services\/training.html#breadcrumb\"},\"inLanguage\":\"en-US\",\"potentialAction\":[{\"@type\":\"ReadAction\",\"target\":[\"https:\/\/www.quadria.eu\/en\/services\/training.html\"]}]},{\"@type\":\"BreadcrumbList\",\"@id\":\"https:\/\/www.quadria.eu\/en\/services\/training.html#breadcrumb\",\"itemListElement\":[{\"@type\":\"ListItem\",\"position\":1,\"name\":\"Accueil\",\"item\":\"https:\/\/www.quadria.eu\/en\/\"},{\"@type\":\"ListItem\",\"position\":2,\"name\":\"Services\",\"item\":\"https:\/\/www.quadria.eu\/en\/services.html\"},{\"@type\":\"ListItem\",\"position\":3,\"name\":\"Training\"}]},{\"@type\":\"WebSite\",\"@id\":\"https:\/\/www.quadria.eu\/#website\",\"url\":\"https:\/\/www.quadria.eu\/\",\"name\":\"Quadria\",\"description\":\"A site using WordPress \",\"potentialAction\":[{\"@type\":\"SearchAction\",\"target\":{\"@type\":\"EntryPoint\",\"urlTemplate\":\"https:\/\/www.quadria.eu\/?s={search_term_string}\"},\"query-input\":{\"@type\":\"PropertyValueSpecification\",\"valueRequired\":true,\"valueName\":\"search_term_string\"}}],\"inLanguage\":\"en-US\"}]}<\/script>\n<!-- \/ Yoast SEO plugin. -->","yoast_head_json":{"title":"Training - Quadria - Apprendre les bons gestes du tri !","description":"Quadria vous accompagne sur le terrain pour apprendre les bons gestes du tri \u00e0 diff\u00e9rents publics : agents de collectivit\u00e9, grand public, scolaires...","robots":{"index":"index","follow":"follow","max-snippet":"max-snippet:-1","max-image-preview":"max-image-preview:large","max-video-preview":"max-video-preview:-1"},"canonical":"https:\/\/www.quadria.eu\/en\/services\/training.html","og_locale":"en_US","og_type":"article","og_title":"Training - Quadria - Apprendre les bons gestes du tri !","og_description":"Quadria vous accompagne sur le terrain pour apprendre les bons gestes du tri \u00e0 diff\u00e9rents publics : agents de collectivit\u00e9, grand public, scolaires...","og_url":"https:\/\/www.quadria.eu\/en\/services\/training.html","og_site_name":"Quadria","article_modified_time":"2023-01-05T09:17:59+00:00","twitter_card":"summary_large_image","schema":{"@context":"https:\/\/schema.org","@graph":[{"@type":"WebPage","@id":"https:\/\/www.quadria.eu\/en\/services\/training.html","url":"https:\/\/www.quadria.eu\/en\/services\/training.html","name":"Training - Quadria - Apprendre les bons gestes du tri !","isPartOf":{"@id":"https:\/\/www.quadria.eu\/#website"},"datePublished":"2018-10-16T13:31:51+00:00","dateModified":"2023-01-05T09:17:59+00:00","description":"Quadria vous accompagne sur le terrain pour apprendre les bons gestes du tri \u00e0 diff\u00e9rents publics : agents de collectivit\u00e9, grand public, scolaires...","breadcrumb":{"@id":"https:\/\/www.quadria.eu\/en\/services\/training.html#breadcrumb"},"inLanguage":"en-US","potentialAction":[{"@type":"ReadAction","target":["https:\/\/www.quadria.eu\/en\/services\/training.html"]}]},{"@type":"BreadcrumbList","@id":"https:\/\/www.quadria.eu\/en\/services\/training.html#breadcrumb","itemListElement":[{"@type":"ListItem","position":1,"name":"Accueil","item":"https:\/\/www.quadria.eu\/en\/"},{"@type":"ListItem","position":2,"name":"Services","item":"https:\/\/www.quadria.eu\/en\/services.html"},{"@type":"ListItem","position":3,"name":"Training"}]},{"@type":"WebSite","@id":"https:\/\/www.quadria.eu\/#website","url":"https:\/\/www.quadria.eu\/","name":"Quadria","description":"A site using WordPress ","potentialAction":[{"@type":"SearchAction","target":{"@type":"EntryPoint","urlTemplate":"https:\/\/www.quadria.eu\/?s={search_term_string}"},"query-input":{"@type":"PropertyValueSpecification","valueRequired":true,"valueName":"search_term_string"}}],"inLanguage":"en-US"}]}},"_links":{"self":[{"href":"https:\/\/www.quadria.eu\/en\/wp-json\/wp\/v2\/pages\/6135","targetHints":{"allow":["GET"]}}],"collection":[{"href":"https:\/\/www.quadria.eu\/en\/wp-json\/wp\/v2\/pages"}],"about":[{"href":"https:\/\/www.quadria.eu\/en\/wp-json\/wp\/v2\/types\/page"}],"author":[{"embeddable":true,"href":"https:\/\/www.quadria.eu\/en\/wp-json\/wp\/v2\/users\/1"}],"replies":[{"embeddable":true,"href":"https:\/\/www.quadria.eu\/en\/wp-json\/wp\/v2\/comments?post=6135"}],"version-history":[{"count":6,"href":"https:\/\/www.quadria.eu\/en\/wp-json\/wp\/v2\/pages\/6135\/revisions"}],"predecessor-version":[{"id":6835,"href":"https:\/\/www.quadria.eu\/en\/wp-json\/wp\/v2\/pages\/6135\/revisions\/6835"}],"up":[{"embeddable":true,"href":"https:\/\/www.quadria.eu\/en\/wp-json\/wp\/v2\/pages\/6130"}],"wp:attachment":[{"href":"https:\/\/www.quadria.eu\/en\/wp-json\/wp\/v2\/media?parent=6135"}],"curies":[{"name":"wp","href":"https:\/\/api.w.org\/{rel}","templated":true}]}}